{"id":726,"date":"2026-02-28T12:08:46","date_gmt":"2026-02-28T12:08:46","guid":{"rendered":"https:\/\/messuille.flexpressive.eu\/tapahtumat\/edustamamme-messut-aasiassa\/"},"modified":"2026-03-04T11:56:49","modified_gmt":"2026-03-04T11:56:49","slug":"edustamamme-messut-aasiassa","status":"publish","type":"page","link":"https:\/\/messuille.flexpressive.eu\/fi\/tapahtumat\/edustamamme-messut-aasiassa\/","title":{"rendered":"Edustamamme messut Aasiassa"},"content":{"rendered":"<div class=\"et_pb_section_0 et_pb_section et_section_regular et_flex_section preset--module--divi-section--gid451zkip\">\n<div class=\"et_pb_row_0 et_pb_row et_flex_row preset--module--divi-row--gaq9lqeedo\">\n<div class=\"et_pb_column_0 et_pb_column et-last-child et_flex_column et_pb_css_mix_blend_mode_passthrough et_flex_column_24_24 et_flex_column_24_24_tablet et_flex_column_24_24_phone\">\n<div class=\"et_pb_text_0 et_pb_text et_pb_bg_layout_light et_pb_module et_block_module preset--module--divi-text--default\"><div class=\"et_pb_text_inner\"><h1>Edustamamme messut Aasiassa<\/h1>\n<p>Messut Aasiassa tarjoavat mahdollisuuden solmia uusia liikesuhteita ja verkostoitua erityisesti jos etsit jalansijaa Aasian markkinoilla.<br \/>\nMe Messuille Oy:ll\u00e4 teemme osallistumisenne mahdollisimman helpoksi. Suunnittelemme ja toteutamme Aasian messuille niin yksitt\u00e4isi\u00e4 kuin yhteismessuosastoja. <\/p>\n<\/div><\/div>\n\n<div class=\"et_pb_row_1 et_pb_row et_pb_row_nested et_flex_row\">\n<div class=\"et_pb_column_1 et_pb_column et_flex_column et_pb_css_mix_blend_mode_passthrough et_flex_column_6_24 et_flex_column_6_24_tablet et_flex_column_24_24_phone\">\n<div class=\"et_pb_image_0 et_pb_image et_pb_module et_flex_module\"><span class=\"et_pb_image_wrap\"><img loading=\"lazy\" decoding=\"async\" src=\"https:\/\/messuille.flexpressive.eu\/wp-content\/uploads\/Messe_Berlin_Asia_Pacific_Logo.svg\" title=\"Messe_Berlin_Asia_Pacific_Logo\" width=\"94\" height=\"16\" class=\"wp-image-579\" \/><\/span><\/div>\n<\/div>\n\n<div class=\"et_pb_column_2 et_pb_column et-last-child et_flex_column et_pb_css_mix_blend_mode_passthrough et_flex_column_18_24 et_flex_column_18_24_tablet et_flex_column_24_24_phone\">\n<div class=\"et_pb_text_1 et_pb_text et_pb_bg_layout_light et_pb_module et_block_module preset--module--divi-text--default\"><div class=\"et_pb_text_inner\"><h2>Messe Berliinin j\u00e4rjest\u00e4m\u00e4t tapahtumat<\/h2>\n<\/div><\/div>\n<\/div>\n<\/div>\n\n<div class=\"et_pb_group_0 et_pb_group et_pb_module et_grid_group et_pb_css_mix_blend_mode_passthrough\" id=\"Events\">\n<div class=\"et_pb_group_1 et_pb_group et-last-child et_pb_module et_flex_group et_pb_css_mix_blend_mode_passthrough et_clickable\" data-loop-item=\"0\">\n<div class=\"et_pb_image_1 et_pb_image et_pb_module et_flex_module\"><span class=\"et_pb_image_wrap\"><img loading=\"lazy\" decoding=\"async\" src=\"https:\/\/messuille.flexpressive.eu\/wp-content\/uploads\/ITB_China_Logo.svg\" width=\"150\" height=\"66\" class=\"wp-image-558\" \/><\/span><\/div>\n\n<div class=\"et_pb_text_2 et_pb_text et_pb_bg_layout_light et_pb_module et_block_module preset--module--divi-text--default\"><div class=\"et_pb_text_inner\"><h3>ITB CHINA<\/h3>\n<\/div><\/div>\n\n<div class=\"et_pb_group_2 et_pb_group et_pb_module et_flex_group et_pb_css_mix_blend_mode_passthrough\">\n<div class=\"et_pb_text_3 et_pb_text et_pb_bg_layout_light et_pb_module et_block_module preset--module--divi-text--default\"><div class=\"et_pb_text_inner\"><p>SWEECC,<\/p>\n<\/div><\/div>\n\n<div class=\"et_pb_text_4 et_pb_text et_pb_bg_layout_light et_pb_module et_block_module preset--module--divi-text--default\"><div class=\"et_pb_text_inner\"><p>&nbsp;Shanghai<\/p>\n<\/div><\/div>\n<\/div>\n\n\n\n<div class=\"et_pb_group_4 et_pb_group et_pb_module et_flex_group et_pb_css_mix_blend_mode_passthrough\">\n<div class=\"et_pb_text_7 et_pb_text et_pb_bg_layout_light et_pb_module et_block_module preset--module--divi-text--default\"><div class=\"et_pb_text_inner\"><p>26.05&nbsp;-&nbsp;<\/p>\n<\/div><\/div>\n\n<div class=\"et_pb_text_8 et_pb_text et_pb_bg_layout_light et_pb_module et_block_module preset--module--divi-text--default\"><div class=\"et_pb_text_inner\"><p>28.05.2026<\/p>\n<\/div><\/div>\n<\/div>\n\n\n\n\n\n<div class=\"et_pb_text_12 et_pb_text et_pb_bg_layout_light et_pb_module et_block_module preset--module--divi-text--default\"><div class=\"et_pb_text_inner\"><p>Lue lis\u00e4\u00e4<\/p>\n<\/div><\/div>\n<\/div>\n<\/div>\n\n<div class=\"et_pb_text_13 et_pb_text et_pb_bg_layout_light et_pb_module et_block_module preset--module--divi-text--default\"><div class=\"et_pb_text_inner\"><p>Lis\u00e4\u00e4 Messe Berliinin Aasian tapahtumista <a href=\"https:\/\/www.messe-berlin.asia\/en\/business\/sales-for-messe-berlin-portfolio\" title=\"\">t\u00e4\u00e4lt\u00e4<\/a><\/p>\n<\/div><\/div>\n\n<div class=\"et_pb_text_14 et_pb_text et_pb_bg_layout_light et_pb_module et_block_module preset--module--divi-text--default\"><div class=\"et_pb_text_inner\"><h2>Muut tapahtumat<\/h2>\n<p>Me rakennamme oheisille Aasian messuille sek\u00e4 yksitt\u00e4isi\u00e4 messuosastoja ett\u00e4 suomalaisia yhteisosastoja. Tiimist\u00e4mme l\u00f6ytyy erikoisosaamista Aasiasta, ja osastot rakennamme yli kymmenen vuoden messukokemuksella. Avustamme muissakin messuihin liittyviss\u00e4 kysymyksiss\u00e4. Pyyd\u00e4 meilt\u00e4 lis\u00e4tietoja!   <\/p>\n<\/div><\/div>\n\n<div class=\"et_pb_text_15 et_pb_text et_pb_bg_layout_light et_pb_module et_block_module preset--module--divi-text--default\"><div class=\"et_pb_text_inner\"><h3>Aasian meri-alan messut<\/h3>\n<\/div><\/div>\n\n<div class=\"et_pb_group_6 et_pb_group et_pb_module et_grid_group et_pb_css_mix_blend_mode_passthrough\" id=\"Events\">\n<div class=\"et_pb_group_7 et_pb_group et-last-child et_pb_module et_flex_group et_pb_css_mix_blend_mode_passthrough et_clickable\" data-loop-item=\"0\">\n<div class=\"et_pb_image_2 et_pb_image et_pb_module et_flex_module\"><span class=\"et_pb_image_wrap\"><img loading=\"lazy\" decoding=\"async\" src=\"https:\/\/messuille.flexpressive.eu\/wp-content\/uploads\/Imdex_Asia_Logo.svg\" width=\"117\" height=\"70\" class=\"wp-image-570\" \/><\/span><\/div>\n\n<div class=\"et_pb_text_16 et_pb_text et_pb_bg_layout_light et_pb_module et_block_module preset--module--divi-text--default\"><div class=\"et_pb_text_inner\"><h3>IMDEX ASIA<\/h3>\n<\/div><\/div>\n\n<div class=\"et_pb_group_8 et_pb_group et_pb_module et_flex_group et_pb_css_mix_blend_mode_passthrough\">\n<div class=\"et_pb_text_17 et_pb_text et_pb_bg_layout_light et_pb_module et_block_module preset--module--divi-text--default\"><div class=\"et_pb_text_inner\"><p>Changi Exhibition Centre,<\/p>\n<\/div><\/div>\n\n<div class=\"et_pb_text_18 et_pb_text et_pb_bg_layout_light et_pb_module et_block_module preset--module--divi-text--default\"><div class=\"et_pb_text_inner\"><p>&nbsp;Singapore<\/p>\n<\/div><\/div>\n<\/div>\n\n\n\n<div class=\"et_pb_group_10 et_pb_group et_pb_module et_flex_group et_pb_css_mix_blend_mode_passthrough\">\n<div class=\"et_pb_text_21 et_pb_text et_pb_bg_layout_light et_pb_module et_block_module preset--module--divi-text--default\"><div class=\"et_pb_text_inner\"><p>05.05&nbsp;-&nbsp;<\/p>\n<\/div><\/div>\n\n<div class=\"et_pb_text_22 et_pb_text et_pb_bg_layout_light et_pb_module et_block_module preset--module--divi-text--default\"><div class=\"et_pb_text_inner\"><p>07.05.2027<\/p>\n<\/div><\/div>\n<\/div>\n\n\n\n\n\n<div class=\"et_pb_text_26 et_pb_text et_pb_bg_layout_light et_pb_module et_block_module preset--module--divi-text--default\"><div class=\"et_pb_text_inner\"><p>Lue lis\u00e4\u00e4<\/p>\n<\/div><\/div>\n<\/div>\n<\/div>\n\n<div class=\"et_pb_text_27 et_pb_text et_pb_bg_layout_light et_pb_module et_block_module preset--module--divi-text--default\"><div class=\"et_pb_text_inner\"><h3>Energia-alan messut<\/h3>\n<\/div><\/div>\n\n<div class=\"et_pb_group_12 et_pb_group et-last-child et_pb_module et_grid_group et_pb_css_mix_blend_mode_passthrough\" id=\"Events\">\n<div class=\"et_pb_group_13 et_pb_group et-last-child et_pb_module et_flex_group et_pb_css_mix_blend_mode_passthrough et_clickable\" data-loop-item=\"0\">\n<div class=\"et_pb_image_3 et_pb_image et_pb_module et_flex_module\"><span class=\"et_pb_image_wrap\"><img loading=\"lazy\" decoding=\"async\" src=\"https:\/\/messuille.flexpressive.eu\/wp-content\/uploads\/ASEweek_Logo.png\" width=\"500\" height=\"346\" srcset=\"https:\/\/messuille.flexpressive.eu\/wp-content\/uploads\/ASEweek_Logo.png 500w, https:\/\/messuille.flexpressive.eu\/wp-content\/uploads\/ASEweek_Logo-480x332.png 480w\" sizes=\"(min-width: 0px) and (max-width: 480px) 480px, (min-width: 481px) 500px, 100vw\" class=\"wp-image-576\" \/><\/span><\/div>\n\n<div class=\"et_pb_text_28 et_pb_text et_pb_bg_layout_light et_pb_module et_block_module preset--module--divi-text--default\"><div class=\"et_pb_text_inner\"><h3>Asean Sustainable Energy Week<\/h3>\n<\/div><\/div>\n\n<div class=\"et_pb_group_14 et_pb_group et_pb_module et_flex_group et_pb_css_mix_blend_mode_passthrough\">\n<div class=\"et_pb_text_29 et_pb_text et_pb_bg_layout_light et_pb_module et_block_module preset--module--divi-text--default\"><div class=\"et_pb_text_inner\"><p>QSNCC,<\/p>\n<\/div><\/div>\n\n<div class=\"et_pb_text_30 et_pb_text et_pb_bg_layout_light et_pb_module et_block_module preset--module--divi-text--default\"><div class=\"et_pb_text_inner\"><p>&nbsp;Bangkok<\/p>\n<\/div><\/div>\n<\/div>\n\n\n\n<div class=\"et_pb_group_16 et_pb_group et_pb_module et_flex_group et_pb_css_mix_blend_mode_passthrough\">\n<div class=\"et_pb_text_33 et_pb_text et_pb_bg_layout_light et_pb_module et_block_module preset--module--divi-text--default\"><div class=\"et_pb_text_inner\"><p>01.07&nbsp;-&nbsp;<\/p>\n<\/div><\/div>\n\n<div class=\"et_pb_text_34 et_pb_text et_pb_bg_layout_light et_pb_module et_block_module preset--module--divi-text--default\"><div class=\"et_pb_text_inner\"><p>03.07.2026<\/p>\n<\/div><\/div>\n<\/div>\n\n\n\n\n\n<div class=\"et_pb_text_38 et_pb_text et_pb_bg_layout_light et_pb_module et_block_module preset--module--divi-text--default\"><div class=\"et_pb_text_inner\"><p>Lue lis\u00e4\u00e4<\/p>\n<\/div><\/div>\n<\/div>\n<\/div>\n<\/div>\n<\/div>\n<\/div>","protected":false},"excerpt":{"rendered":"","protected":false},"author":1,"featured_media":0,"parent":693,"menu_order":0,"comment_status":"closed","ping_status":"closed","template":"","meta":{"_acf_changed":false,"footnotes":""},"class_list":["post-726","page","type-page","status-publish","hentry"],"acf":[],"_links":{"self":[{"href":"https:\/\/messuille.flexpressive.eu\/fi\/wp-json\/wp\/v2\/pages\/726","targetHints":{"allow":["GET"]}}],"collection":[{"href":"https:\/\/messuille.flexpressive.eu\/fi\/wp-json\/wp\/v2\/pages"}],"about":[{"href":"https:\/\/messuille.flexpressive.eu\/fi\/wp-json\/wp\/v2\/types\/page"}],"author":[{"embeddable":true,"href":"https:\/\/messuille.flexpressive.eu\/fi\/wp-json\/wp\/v2\/users\/1"}],"replies":[{"embeddable":true,"href":"https:\/\/messuille.flexpressive.eu\/fi\/wp-json\/wp\/v2\/comments?post=726"}],"version-history":[{"count":1,"href":"https:\/\/messuille.flexpressive.eu\/fi\/wp-json\/wp\/v2\/pages\/726\/revisions"}],"predecessor-version":[{"id":727,"href":"https:\/\/messuille.flexpressive.eu\/fi\/wp-json\/wp\/v2\/pages\/726\/revisions\/727"}],"up":[{"embeddable":true,"href":"https:\/\/messuille.flexpressive.eu\/fi\/wp-json\/wp\/v2\/pages\/693"}],"wp:attachment":[{"href":"https:\/\/messuille.flexpressive.eu\/fi\/wp-json\/wp\/v2\/media?parent=726"}],"curies":[{"name":"wp","href":"https:\/\/api.w.org\/{rel}","templated":true}]}}