{"id":718,"date":"2026-02-25T01:49:52","date_gmt":"2026-02-25T01:49:52","guid":{"rendered":"https:\/\/messuille.flexpressive.eu\/palvelut\/"},"modified":"2026-03-04T11:49:09","modified_gmt":"2026-03-04T11:49:09","slug":"palvelut","status":"publish","type":"page","link":"https:\/\/messuille.flexpressive.eu\/fi\/palvelut\/","title":{"rendered":"Palvelut"},"content":{"rendered":"<div class=\"et_pb_section_0 et_pb_section et_section_regular et_block_section preset--module--divi-section--gid451zkip\">\n<div class=\"et_pb_row_0 et_pb_row et_flex_row preset--module--divi-row--gaq9lqeedo\">\n<div class=\"et_pb_column_0 et_pb_column et-last-child et_flex_column et_pb_css_mix_blend_mode_passthrough et_flex_column_24_24 et_flex_column_24_24_tablet et_flex_column_24_24_phone\">\n<div class=\"et_pb_text_0 et_pb_text et_pb_bg_layout_light et_pb_module et_block_module preset--module--divi-text--default\"><div class=\"et_pb_text_inner\"><h1>Palvelumme<\/h1>\n<p>Messuille Oy tarjoaa kokonaisvaltaisia messupalveluja yrityksille, kuten messuosastojen suunnittelua, rakentamista, graafista suunnittelua ja messuliidipalveluja. Autamme asiakkaitamme my\u00f6s messujen aikana, tarjoamme messulippuja ja haemme messutukea, jotta yrityksesi erottuu messuilla. Kysy lis\u00e4\u00e4! <\/p>\n<\/div><\/div>\n\n<div class=\"et_pb_group_0 et_pb_group et_pb_module et_grid_group et_pb_css_mix_blend_mode_passthrough\">\n<div class=\"et_pb_group_1 et_pb_group et_pb_module et_flex_group et_pb_css_mix_blend_mode_passthrough\">\n<div class=\"et_pb_image_0 et_pb_image et_pb_module et_flex_module\"><span class=\"et_pb_image_wrap\"><img loading=\"lazy\" decoding=\"async\" src=\"https:\/\/messuille.flexpressive.eu\/wp-content\/uploads\/tools.png\" title=\"tools\" width=\"192\" height=\"191\" srcset=\"https:\/\/messuille.flexpressive.eu\/wp-content\/uploads\/tools.png 192w, https:\/\/messuille.flexpressive.eu\/wp-content\/uploads\/tools-150x150.png 150w\" sizes=\"(max-width: 192px) 100vw, 192px\" class=\"wp-image-27\" \/><\/span><\/div>\n\n<div class=\"et_pb_text_1 et_pb_text et_pb_bg_layout_light et_pb_module et_block_module preset--module--divi-text--default\"><div class=\"et_pb_text_inner\"><p>Department Design and construction<\/p>\n<\/div><\/div>\n<\/div>\n\n<div class=\"et_pb_group_2 et_pb_group et_pb_module et_flex_group et_pb_css_mix_blend_mode_passthrough\">\n<div class=\"et_pb_image_1 et_pb_image et_pb_module et_flex_module\"><span class=\"et_pb_image_wrap\"><img loading=\"lazy\" decoding=\"async\" src=\"https:\/\/messuille.flexpressive.eu\/wp-content\/uploads\/pen.png\" title=\"pen\" width=\"188\" height=\"187\" srcset=\"https:\/\/messuille.flexpressive.eu\/wp-content\/uploads\/pen.png 188w, https:\/\/messuille.flexpressive.eu\/wp-content\/uploads\/pen-150x150.png 150w\" sizes=\"(max-width: 188px) 100vw, 188px\" class=\"wp-image-26\" \/><\/span><\/div>\n\n<div class=\"et_pb_text_2 et_pb_text et_pb_bg_layout_light et_pb_module et_block_module preset--module--divi-text--default\"><div class=\"et_pb_text_inner\"><p>Department Design and construction<\/p>\n<\/div><\/div>\n<\/div>\n\n<div class=\"et_pb_group_3 et_pb_group et_pb_module et_flex_group et_pb_css_mix_blend_mode_passthrough\">\n<div class=\"et_pb_image_2 et_pb_image et_pb_module et_flex_module\"><span class=\"et_pb_image_wrap\"><img loading=\"lazy\" decoding=\"async\" src=\"https:\/\/messuille.flexpressive.eu\/wp-content\/uploads\/book.png\" title=\"book\" width=\"188\" height=\"139\" sizes=\"(max-width: 188px) 100vw, 188px\" class=\"wp-image-25\" \/><\/span><\/div>\n\n<div class=\"et_pb_text_3 et_pb_text et_pb_bg_layout_light et_pb_module et_block_module preset--module--divi-text--default\"><div class=\"et_pb_text_inner\"><p>Department Design and construction<\/p>\n<\/div><\/div>\n<\/div>\n\n<div class=\"et_pb_group_4 et_pb_group et-last-child et_pb_module et_flex_group et_pb_css_mix_blend_mode_passthrough\">\n<div class=\"et_pb_image_3 et_pb_image et_pb_module et_flex_module\"><span class=\"et_pb_image_wrap\"><img loading=\"lazy\" decoding=\"async\" src=\"https:\/\/messuille.flexpressive.eu\/wp-content\/uploads\/house.png\" title=\"house\" width=\"181\" height=\"187\" sizes=\"(max-width: 181px) 100vw, 181px\" class=\"wp-image-24\" \/><\/span><\/div>\n\n<div class=\"et_pb_text_4 et_pb_text et_pb_bg_layout_light et_pb_module et_block_module preset--module--divi-text--default\"><div class=\"et_pb_text_inner\"><p>Department Design and construction<\/p>\n<\/div><\/div>\n<\/div>\n<\/div>\n\n<div class=\"et_pb_group_5 et_pb_group et_pb_module et_grid_group et_pb_css_mix_blend_mode_passthrough\">\n<div class=\"et_pb_text_5 et_pb_text et_pb_bg_layout_light et_pb_module et_block_module preset--module--divi-text--default\"><div class=\"et_pb_text_inner\"><h2>OSASTOSUUNNITTELUT JA RAKENTAMINEN<\/h2>\n<p>Toteutamme yrityksellesi ainutlaatuisen messuosaston, joka vastaa br\u00e4ndi\u00e4si ja tavoitteitasi. Suunnittelemme erottuvan, toimivan ja nykyaikaisen osaston, joka tekee vaikutuksen ja lis\u00e4\u00e4 yrityksesi n\u00e4kyvyytt\u00e4. <\/p>\n<p>Osaston suunnittelun ja rakentamisen lis\u00e4ksi tarjoamme 3D-mallinnukset, teknisen dokumentoinnin sek\u00e4 osastopiirrokset. Ammattitaitoinen tiimimme valvoo koko rakennusprosessia varmistaen, ett\u00e4 osasto valmistuu suunnitelman mukaisesti ja ajoissa \u2013 n\u00e4in voit keskitty\u00e4 asiakkaisiin ja liiketoimintaasi. <\/p>\n<p>&nbsp;<\/p>\n<\/div><\/div>\n\n<div class=\"et_pb_image_4 et_pb_image et_pb_module et_flex_module\"><span class=\"et_pb_image_wrap\"><img loading=\"lazy\" decoding=\"async\" src=\"https:\/\/messuille.flexpressive.eu\/wp-content\/uploads\/tools.png\" title=\"tools\" width=\"192\" height=\"191\" srcset=\"https:\/\/messuille.flexpressive.eu\/wp-content\/uploads\/tools.png 192w, https:\/\/messuille.flexpressive.eu\/wp-content\/uploads\/tools-150x150.png 150w\" sizes=\"(max-width: 192px) 100vw, 192px\" class=\"wp-image-27\" \/><\/span><\/div>\n<\/div>\n\n<div class=\"et_pb_group_6 et_pb_group et_pb_module et_grid_group et_pb_css_mix_blend_mode_passthrough\">\n<div class=\"et_pb_image_5 et_pb_image et_pb_module et_flex_module\"><span class=\"et_pb_image_wrap\"><img loading=\"lazy\" decoding=\"async\" src=\"https:\/\/messuille.flexpressive.eu\/wp-content\/uploads\/pen.png\" title=\"pen\" width=\"188\" height=\"187\" srcset=\"https:\/\/messuille.flexpressive.eu\/wp-content\/uploads\/pen.png 188w, https:\/\/messuille.flexpressive.eu\/wp-content\/uploads\/pen-150x150.png 150w\" sizes=\"(max-width: 188px) 100vw, 188px\" class=\"wp-image-26\" \/><\/span><\/div>\n\n<div class=\"et_pb_text_6 et_pb_text et_pb_bg_layout_light et_pb_module et_block_module preset--module--divi-text--default\"><div class=\"et_pb_text_inner\"><h2>GRAAFISET SUUNNITTELUT<\/h2>\n<p>Meilt\u00e4 saat my\u00f6s ammattimaiset graafiset suunnittelupalvelut, jotka tuovat esille yrityksesi br\u00e4ndin messuilla. Suunnittelemme osastosi visuaalisen ilmeen ja tarvittavat materiaalit, kuten esitteet, bannerit ja muut markkinointimateriaalit. Hy\u00f6dynn\u00e4mme 3D-mallinnusta, jotta voit n\u00e4hd\u00e4 messuosastosi ulkoasun jo ennen toteutusta.  <\/p>\n<\/div><\/div>\n<\/div>\n\n<div class=\"et_pb_group_7 et_pb_group et_pb_module et_grid_group et_pb_css_mix_blend_mode_passthrough\">\n<div class=\"et_pb_text_7 et_pb_text et_pb_bg_layout_light et_pb_module et_block_module preset--module--divi-text--default\"><div class=\"et_pb_text_inner\"><h2>MESSULIPUT<\/h2>\n<p>Tarjoamme alennuskoodeja messulippuihin, jotta p\u00e4\u00e4set edullisemmin osallistumaan Messe Berlinin ja muiden j\u00e4rjest\u00e4jien n\u00e4yttelyihin. Pyyd\u00e4 meilt\u00e4 alennuskoodi, ja s\u00e4\u00e4st\u00e4t aikaa ja rahaa lippujen ostossa. <\/p>\n<\/div><\/div>\n\n<div class=\"et_pb_image_6 et_pb_image et_pb_module et_flex_module\"><span class=\"et_pb_image_wrap\"><img loading=\"lazy\" decoding=\"async\" src=\"https:\/\/messuille.flexpressive.eu\/wp-content\/uploads\/book.png\" title=\"book\" width=\"188\" height=\"139\" sizes=\"(max-width: 188px) 100vw, 188px\" class=\"wp-image-25\" \/><\/span><\/div>\n<\/div>\n\n<div class=\"et_pb_group_8 et_pb_group et-last-child et_pb_module et_grid_group et_pb_css_mix_blend_mode_passthrough\">\n<div class=\"et_pb_image_7 et_pb_image et_pb_module et_flex_module\"><span class=\"et_pb_image_wrap\"><img loading=\"lazy\" decoding=\"async\" src=\"https:\/\/messuille.flexpressive.eu\/wp-content\/uploads\/house.png\" title=\"house\" width=\"181\" height=\"187\" sizes=\"(max-width: 181px) 100vw, 181px\" class=\"wp-image-24\" \/><\/span><\/div>\n\n<div class=\"et_pb_text_8 et_pb_text et_pb_bg_layout_light et_pb_module et_block_module preset--module--divi-text--default\"><div class=\"et_pb_text_inner\"><h2>MESSUAVUSTUS<\/h2>\n<p>Messuille Oy tarjoaa kattavan palvelupaketin messuosallistumisen tueksi, mukaan lukien messutuen hakemisen Business Finlandilta. T\u00e4m\u00e4 harkinnanvarainen tuki auttaa suomalaisia yrityksi\u00e4 kansainv\u00e4lisill\u00e4 messuilla kattamalla osan kustannuksista, kuten osastorakenteista, pinta-alan vuokrasta, suunnittelusta ja teknisist\u00e4 kuluista. <\/p>\n<p>Messuille Oy voi huolehtia messutuen hakuprosessista yrityksesi puolesta, varmistaen, ett\u00e4 kaikki vaatimukset t\u00e4yttyv\u00e4t. N\u00e4in osallistumiskustannukset pysyv\u00e4t hallinnassa, ja voit keskitty\u00e4 t\u00e4rkeimp\u00e4\u00e4n \u2013 asiakaskohtaamisiin ja liiketoiminnan kasvattamiseen.<br \/>\nKysy lis\u00e4tietoja messutuesta ja hakuprosessista: <a href=\"mailto:info@messuille.fi\">info@messuille.fi<\/a>. <\/p>\n<\/div><\/div>\n<\/div>\n<\/div>\n<\/div>\n<\/div>","protected":false},"excerpt":{"rendered":"","protected":false},"author":1,"featured_media":0,"parent":0,"menu_order":0,"comment_status":"closed","ping_status":"closed","template":"","meta":{"_acf_changed":false,"footnotes":""},"class_list":["post-718","page","type-page","status-publish","hentry"],"acf":[],"_links":{"self":[{"href":"https:\/\/messuille.flexpressive.eu\/fi\/wp-json\/wp\/v2\/pages\/718","targetHints":{"allow":["GET"]}}],"collection":[{"href":"https:\/\/messuille.flexpressive.eu\/fi\/wp-json\/wp\/v2\/pages"}],"about":[{"href":"https:\/\/messuille.flexpressive.eu\/fi\/wp-json\/wp\/v2\/types\/page"}],"author":[{"embeddable":true,"href":"https:\/\/messuille.flexpressive.eu\/fi\/wp-json\/wp\/v2\/users\/1"}],"replies":[{"embeddable":true,"href":"https:\/\/messuille.flexpressive.eu\/fi\/wp-json\/wp\/v2\/comments?post=718"}],"version-history":[{"count":1,"href":"https:\/\/messuille.flexpressive.eu\/fi\/wp-json\/wp\/v2\/pages\/718\/revisions"}],"predecessor-version":[{"id":719,"href":"https:\/\/messuille.flexpressive.eu\/fi\/wp-json\/wp\/v2\/pages\/718\/revisions\/719"}],"wp:attachment":[{"href":"https:\/\/messuille.flexpressive.eu\/fi\/wp-json\/wp\/v2\/media?parent=718"}],"curies":[{"name":"wp","href":"https:\/\/api.w.org\/{rel}","templated":true}]}}