{"id":706,"date":"2026-02-24T15:41:11","date_gmt":"2026-02-24T15:41:11","guid":{"rendered":"https:\/\/messuille.flexpressive.eu\/messe-berlin-gmbh\/"},"modified":"2026-03-04T11:47:19","modified_gmt":"2026-03-04T11:47:19","slug":"messe-berlin-gmbh","status":"publish","type":"page","link":"https:\/\/messuille.flexpressive.eu\/fi\/messe-berlin-gmbh\/","title":{"rendered":"Messe Berlin GMBH"},"content":{"rendered":"<div class=\"et_pb_section_0 et_pb_section et_section_regular et_block_section preset--module--divi-section--gid451zkip\">\n<div class=\"et_pb_row_0 et_pb_row et_flex_row preset--module--divi-row--gaq9lqeedo\">\n<div class=\"et_pb_column_0 et_pb_column et-last-child et_flex_column et_pb_css_mix_blend_mode_passthrough et_flex_column_24_24 et_flex_column_24_24_tablet et_flex_column_24_24_phone\">\n<div class=\"et_pb_text_0 et_pb_text et_pb_bg_layout_light et_pb_module et_block_module preset--module--divi-text--default\"><div class=\"et_pb_text_inner\"><h1>Messe Berlin GmbH<\/h1>\n<h2>Kansainv\u00e4linen Messu- ja Kongressij\u00e4rjest\u00e4j\u00e4<a href=\"https:\/\/messuille.flexpressive.eu\/services\/\" target=\"_blank\" rel=\"noreferrer noopener\"><\/a><\/h2>\n<\/div><\/div>\n\n<div class=\"et_pb_image_0 et_pb_image et_pb_module et_flex_module\"><span class=\"et_pb_image_wrap\"><img loading=\"lazy\" decoding=\"async\" src=\"https:\/\/messuille.flexpressive.eu\/wp-content\/uploads\/messe-berlin.jpg\" title=\"InnoTrans 2018\" width=\"896\" height=\"410\" srcset=\"https:\/\/messuille.flexpressive.eu\/wp-content\/uploads\/messe-berlin.jpg 896w, https:\/\/messuille.flexpressive.eu\/wp-content\/uploads\/messe-berlin-480x220.jpg 480w\" sizes=\"(min-width: 0px) and (max-width: 480px) 480px, (min-width: 481px) 896px, 100vw\" class=\"wp-image-28\" \/><\/span><\/div>\n\n<div class=\"et_pb_text_1 et_pb_text et_pb_bg_layout_light et_pb_module et_block_module preset--module--divi-text--default\"><div class=\"et_pb_text_inner\"><h3>Yli 200 vuoden kokemus kansainv\u00e4listen tapahtumien j\u00e4rjest\u00e4j\u00e4n\u00e4<\/h3>\n<p>Messe Berlin on ollut kansainv\u00e4listen messujen ja kongressien j\u00e4rjest\u00e4j\u00e4 vuodesta 1822. Vuosittain he j\u00e4rjest\u00e4v\u00e4t yli 100 alueellista, kansallista ja kansainv\u00e4list\u00e4 tapahtumaa, mukaan lukien omat tapahtumansa sek\u00e4 vierastapahtumat. Johtavien kansainv\u00e4listen messujen, kuten ITB Berlinin, InnoTransin ja Fruit Logistican, lis\u00e4ksi heid\u00e4n laaja ohjelmansa kattaa monipuolisesti eri aloja, kuten ruoka, matkailu, logistiikka, terveysteknologia ja kulutuselektroniikka. Messe Berlinin portfolio tarjoaa monia kohokohtia ymp\u00e4ri vuoden.   <\/p>\n<h3>Virallinen edustaja Suomessa \u2013 Tukea ja tietoa Messe Berlinin tapahtumista<\/h3>\n<p>Olemme ylpeit\u00e4 toimiessamme Messe Berlinin virallisena edustajana Suomessa. Meid\u00e4n kautta saat asiantuntevaa tietoa ja tukea Messe Berlinin tMesse Berlin toimii yli 170 maassa, ja sill\u00e4 on tyt\u00e4ryhti\u00f6it\u00e4 strategisilla markkinoilla, kuten Singaporessa (Messe Berlin Singapore Pte. Ltd.), Shanghaissa (Global Produce Events (Shanghai) Co. Ltd.) ja Guangzhoussa (Berlin Exhibition Guangzhou Co. Ltd.). Laajan edustajaverkoston ansiosta Messe Berlin pystyy tarjoamaan paikallista asiantuntemusta ja tukea maailmanlaajuisesti.<\/p>\n<p>Olemme ylpeit\u00e4 toimiessamme Messe Berlinin edustajana Suomessa. Meid\u00e4n kautta n\u00e4ytteilleasettajat ja vierailijat saavat henkil\u00f6kohtaista palvelua ja kattavaa tietoa Messe Berlinin tapahtumista, mukaan lukien Berliiniss\u00e4 j\u00e4rjestett\u00e4v\u00e4t messut ja kongressit. Edustajamme varmistavat, ett\u00e4 yrityksenne saa tarvitsemansa tuen ja hy\u00f6tyy Messe Berlinin resursseista ja verkostoista kansainv\u00e4lisill\u00e4 markkinoilla.  <\/p>\n<p><strong>Tutustu Messe Berlinin tapahtumiin ja l\u00f6yd\u00e4 lis\u00e4\u00e4 tietoa &nbsp;<a href=\"https:\/\/www.messe-berlin.de\/de\">t\u00e4\u00e4lt\u00e4<\/a>.<\/strong><\/p>\n<h4><a href=\"https:\/\/messuille.flexpressive.eu\/services\/\">Messuille Oy palvelee<\/a><\/h4>\n<p>Osallistut sitten messuvieraana tai n\u00e4ytteilleasettajana Messe Berlinin messuille autamme ja teemme messuosallistumisenne mahdollisimman helpoksi. Neuvomme messuasioissa kokonaisvaltaisesti ja ilman kustannuksia. <\/p>\n<p>Kysy meilt\u00e4 messuille oy:lt\u00e4 tarjous messuosastoista Eurooppaan ja Aasiaan. Saat meilt\u00e4 my\u00f6s alennuskoodin messulipuista Messe Berlin GmbH:n j\u00e4rjest\u00e4miin n\u00e4yttelyihin.  <a href=\"https:\/\/messuille.flexpressive.eu\/services\/\" target=\"_blank\" rel=\"noreferrer noopener\">Tutustu monipuolisiin messupalveluihimme.<\/a><\/p>\n<\/div><\/div>\n<\/div>\n<\/div>\n<\/div>","protected":false},"excerpt":{"rendered":"","protected":false},"author":1,"featured_media":0,"parent":0,"menu_order":0,"comment_status":"closed","ping_status":"closed","template":"","meta":{"_acf_changed":false,"footnotes":""},"class_list":["post-706","page","type-page","status-publish","hentry"],"acf":[],"_links":{"self":[{"href":"https:\/\/messuille.flexpressive.eu\/fi\/wp-json\/wp\/v2\/pages\/706","targetHints":{"allow":["GET"]}}],"collection":[{"href":"https:\/\/messuille.flexpressive.eu\/fi\/wp-json\/wp\/v2\/pages"}],"about":[{"href":"https:\/\/messuille.flexpressive.eu\/fi\/wp-json\/wp\/v2\/types\/page"}],"author":[{"embeddable":true,"href":"https:\/\/messuille.flexpressive.eu\/fi\/wp-json\/wp\/v2\/users\/1"}],"replies":[{"embeddable":true,"href":"https:\/\/messuille.flexpressive.eu\/fi\/wp-json\/wp\/v2\/comments?post=706"}],"version-history":[{"count":1,"href":"https:\/\/messuille.flexpressive.eu\/fi\/wp-json\/wp\/v2\/pages\/706\/revisions"}],"predecessor-version":[{"id":707,"href":"https:\/\/messuille.flexpressive.eu\/fi\/wp-json\/wp\/v2\/pages\/706\/revisions\/707"}],"wp:attachment":[{"href":"https:\/\/messuille.flexpressive.eu\/fi\/wp-json\/wp\/v2\/media?parent=706"}],"curies":[{"name":"wp","href":"https:\/\/api.w.org\/{rel}","templated":true}]}}