{"id":693,"date":"2026-02-27T11:12:36","date_gmt":"2026-02-27T11:12:36","guid":{"rendered":"https:\/\/messuille.flexpressive.eu\/tapahtumat\/"},"modified":"2026-03-04T11:40:36","modified_gmt":"2026-03-04T11:40:36","slug":"tapahtumat","status":"publish","type":"page","link":"https:\/\/messuille.flexpressive.eu\/fi\/tapahtumat\/","title":{"rendered":"Tapahtumat"},"content":{"rendered":"<div class=\"et_pb_section_0 et_pb_section et_section_regular et_flex_section preset--module--divi-section--gid451zkip\">\n<div class=\"et_pb_row_0 et_pb_row et_flex_row preset--module--divi-row--gaq9lqeedo\">\n<div class=\"et_pb_column_0 et_pb_column et-last-child et_flex_column et_pb_css_mix_blend_mode_passthrough et_flex_column_24_24 et_flex_column_24_24_tablet et_flex_column_24_24_phone\">\n<div class=\"et_pb_cta_0 et_pb_promo et_pb_bg_layout_dark et_pb_module et_flex_module preset--group--divi-cta--divi-button--default\"><div class=\"et_pb_promo_description\"><h2 class=\"et_pb_module_header\">Tutustu messuihin<\/h2><div class=\"et_pb_promo_content\"><p>\u2013 L\u00f6yd\u00e4 kasvua ja kontakteja ymp\u00e4ri maailman<\/p>\n<\/div><\/div><\/div>\n\n<div class=\"et_pb_text_0 et_pb_text et_pb_bg_layout_light et_pb_module et_block_module preset--module--divi-text--default\"><div class=\"et_pb_text_inner\"><p>Kansainv\u00e4liset messut Euroopassa ja Aasiassa tarjoavat yrityksille ainutlaatuisen mahdollisuuden vahvistaa br\u00e4ndi\u00e4\u00e4n, verkostoitua ja l\u00f6yt\u00e4\u00e4 uusia liikekumppaneita kasvumarkkinoilla. Euroopan ja Aasian suurimmat messut ovat t\u00e4rkeit\u00e4 kohtaamispaikkoja yrityksille, jotka tavoittelevat laajempaa n\u00e4kyvyytt\u00e4 ja uusia kontakteja.<br \/>Messuille Oy tukee yrityksi\u00e4 osallistumaan n\u00e4ihin merkitt\u00e4viin tapahtumiin suunnittelemalla ja toteuttamalla r\u00e4\u00e4t\u00e4l\u00f6ityj\u00e4 messuosastoja eri kohteisiin, kuten Berliiniin, Singaporeen ja Rotterdamiin. Olemme mukana auttamassa yrityst\u00e4si hy\u00f6dynt\u00e4m\u00e4\u00e4n messujen tarjoamat mahdollisuudet parhaalla mahdollisella tavalla \u2013 askeleena kohti kansainv\u00e4list\u00e4 kasvua.  <\/p>\n<h2>Messut Euroopassa \u2013 Laajenna yrityksesi n\u00e4kyvyytt\u00e4 Euroopan markkinoilla<\/h2>\n<p>Euroopan messut tarjoavat yrityksille monipuolisia mahdollisuuksia vahvistaa br\u00e4ndi\u00e4\u00e4n, verkostoitua ja l\u00f6yt\u00e4\u00e4 uusia liikekumppaneita. Olitpa etsim\u00e4ss\u00e4 markkinoita, asiakkaita tai yhteisty\u00f6kumppaneita, Euroopan messut ovat erinomainen paikka laajentaa n\u00e4kyvyytt\u00e4si ja luoda arvokkaita kontakteja. <\/p>\n<p>Messuille Oy toteuttaa messuosastoja johtaviin eurooppalaisiin kaupunkeihin, kuten Berliiniin, Antwerpeniin ja Rotterdamiin. Kokemuksemme ja paikallistuntemuksemme takaavat sujuvan osallistumisen ja onnistuneen tapahtuman. <\/p>\n<p><strong>Kysy lis\u00e4\u00e4 ja tutustu Euroopan messutapahtumiin<\/strong> <a href=\"https:\/\/messuille.flexpressive.eu\/events\/trade-fairs-in-europe\/\">t\u00e4\u00e4ll\u00e4<\/a> tai lue lis\u00e4\u00e4 tarjoamistamme palveluista <a href=\"https:\/\/messuille.flexpressive.eu\/services\/\">palvelusivuiltamme<\/a>.<\/p>\n<h2>Messut Aasiassa \u2013 Kasvata liiketoimintaasi kansainv\u00e4lisill\u00e4 markkinoilla<\/h2>\n<p>Aasian messut tarjoavat yrityksille ainutlaatuisen mahdollisuuden laajentaa toimintaansa, solmia uusia liikesuhteita ja verkostoitua merkitt\u00e4vill\u00e4 kasvumarkkinoilla. Olitpa sitten etsim\u00e4ss\u00e4 yhteisty\u00f6kumppaneita, j\u00e4lleenmyyji\u00e4 tai asiakkaita, Aasian messut ovat portti uusille markkinoille ja kontakteille. <\/p>\n<p>Messuille Oy on kokenut asiantuntija messuosastojen toteutuksessa ymp\u00e4ri Aasiaa, ja toteutamme n\u00e4ytt\u00e4vi\u00e4 osastoja esimerkiksi Singaporeen ja Kiinaan. Olemme sitoutuneet tekem\u00e4\u00e4n osallistumisestasi mahdollisimman sujuvaa ja menestyksek\u00e4st\u00e4. <\/p>\n<p><strong>Kysy lis\u00e4\u00e4 ja tutustu messutapahtumiin <\/strong><a href=\"https:\/\/messuille.flexpressive.eu\/events\/trade-fairs-in-asia\/\">t\u00e4\u00e4ll\u00e4<\/a> tai lue lis\u00e4\u00e4 tarjoamistamme palveluista <a href=\"https:\/\/messuille.flexpressive.eu\/services\/\">palvelusivuiltamme<\/a>.<\/p>\n<\/div><\/div>\n<\/div>\n<\/div>\n<\/div>","protected":false},"excerpt":{"rendered":"","protected":false},"author":1,"featured_media":0,"parent":0,"menu_order":0,"comment_status":"closed","ping_status":"closed","template":"","meta":{"_acf_changed":false,"footnotes":""},"class_list":["post-693","page","type-page","status-publish","hentry"],"acf":[],"_links":{"self":[{"href":"https:\/\/messuille.flexpressive.eu\/fi\/wp-json\/wp\/v2\/pages\/693","targetHints":{"allow":["GET"]}}],"collection":[{"href":"https:\/\/messuille.flexpressive.eu\/fi\/wp-json\/wp\/v2\/pages"}],"about":[{"href":"https:\/\/messuille.flexpressive.eu\/fi\/wp-json\/wp\/v2\/types\/page"}],"author":[{"embeddable":true,"href":"https:\/\/messuille.flexpressive.eu\/fi\/wp-json\/wp\/v2\/users\/1"}],"replies":[{"embeddable":true,"href":"https:\/\/messuille.flexpressive.eu\/fi\/wp-json\/wp\/v2\/comments?post=693"}],"version-history":[{"count":2,"href":"https:\/\/messuille.flexpressive.eu\/fi\/wp-json\/wp\/v2\/pages\/693\/revisions"}],"predecessor-version":[{"id":695,"href":"https:\/\/messuille.flexpressive.eu\/fi\/wp-json\/wp\/v2\/pages\/693\/revisions\/695"}],"wp:attachment":[{"href":"https:\/\/messuille.flexpressive.eu\/fi\/wp-json\/wp\/v2\/media?parent=693"}],"curies":[{"name":"wp","href":"https:\/\/api.w.org\/{rel}","templated":true}]}}