{"id":684,"date":"2026-02-27T12:42:14","date_gmt":"2026-02-27T12:42:14","guid":{"rendered":"https:\/\/messuille.flexpressive.eu\/koti\/"},"modified":"2026-03-04T12:58:08","modified_gmt":"2026-03-04T12:58:08","slug":"koti","status":"publish","type":"page","link":"https:\/\/messuille.flexpressive.eu\/fi\/","title":{"rendered":"Koti"},"content":{"rendered":"<div class=\"et_pb_section_0 et_pb_section et_section_regular et_flex_section preset--module--divi-section--gid451zkip\">\n<div class=\"et_pb_row_0 et_pb_row et_flex_row preset--module--divi-row--gaq9lqeedo\">\n<div class=\"et_pb_column_0 et_pb_column et-last-child et_flex_column et_pb_css_mix_blend_mode_passthrough et_flex_column_24_24 et_flex_column_24_24_tablet et_flex_column_24_24_phone\">\n<div class=\"et_pb_text_0 et_pb_text et_pb_bg_layout_light et_pb_module et_block_module preset--module--divi-text--default\"><div class=\"et_pb_text_inner\"><h2 style=\"text-align: center;\">Toteutamme messut Saksassa ja maailmalla ammattitaidolla<\/h2>\n<p>Messuille Oy toteuttaa osastosi Saksan Berliiniss\u00e4 ja maailmalla toiveesi mukaan. Edustamme yksinoikeudella Suomessa Messe Berlin GmbH -yrityst\u00e4, joka kuuluu maailman 10 isoimman tapahtumaj\u00e4rjest\u00e4j\u00e4n joukkoon. Kauttamme saat messurakenteet sek\u00e4 messujen projektihallinnan eri alojen Saksan messuihin ja p\u00e4\u00e4set k\u00e4siksi kansainv\u00e4lisiin markkinoihin. Suunnittelemme ja toteutamme messuosastoja, jotka inspiroivat, pys\u00e4ytt\u00e4v\u00e4t ja luovat ainutlaatuiset puitteet asiakaskohtaamisille. Meilt\u00e4 saat ratkaisun, jonka avulla yrityksesi erottuu edukseen neli\u00f6ist\u00e4 riippumatta. Laaja ammattilaisten verkostomme ymp\u00e4ri maailman varmistaa sujuvat messupalvelut. Yli kymmenen vuoden messukokemuksella tarjoamme erinomaiset valmiudet menestyksekk\u00e4\u00e4seen messuosallistumiseen!      <\/p>\n<\/div><\/div>\n<\/div>\n<\/div>\n<\/div>\n\n<div class=\"et_pb_section_1 et_pb_section et_section_regular et_flex_section preset--module--divi-section--gid451zkip\">\n<div class=\"et_pb_row_1 et_pb_row et_flex_row preset--module--divi-row--gaq9lqeedo\">\n<div class=\"et_pb_column_1 et_pb_column et-last-child et_flex_column et_pb_css_mix_blend_mode_passthrough et_flex_column_24_24 et_flex_column_24_24_tablet et_flex_column_24_24_phone\">\n<div class=\"et_pb_cta_0 et_pb_promo et_pb_bg_layout_dark et_pb_module et_flex_module preset--group--divi-cta--divi-button--default\"><div class=\"et_pb_promo_description\"><h2 class=\"et_pb_module_header\">Olemme Messe Berlin GmbH:n virallinen edustaja Suomessa<\/h2><div class=\"et_pb_promo_content\"><p>Meilt\u00e4 vuosien messukokemuksella erinomaiset valmiudet menestyksekk\u00e4\u00e4seen messuosallistumiseen!<\/p>\n<\/div><\/div><div class=\"et_pb_button_wrapper\"><a class=\"et_pb_button et_pb_promo_button\" href=\"http:\/\/messe\">Lue lis\u00e4\u00e4<\/a><\/div><\/div>\n<\/div>\n<\/div>\n<\/div>\n\n<div class=\"et_pb_section_2 et_pb_section et_section_regular et_flex_section preset--module--divi-section--gid451zkip\">\n<div class=\"et_pb_row_2 et_pb_row et_flex_row preset--module--divi-row--gaq9lqeedo\">\n<div class=\"et_pb_column_2 et_pb_column et-last-child et_flex_column et_pb_css_mix_blend_mode_passthrough et_flex_column_24_24 et_flex_column_24_24_tablet et_flex_column_24_24_phone\">\n<div class=\"et_pb_text_1 et_pb_text et_pb_bg_layout_light et_pb_module et_block_module preset--module--divi-text--default\"><div class=\"et_pb_text_inner\"><h2 style=\"text-align: center;\">Messut<\/h2>\n<p>Tutustu messuihin Euroopassa ja Aasiassa, joissa tuemme yrityksi\u00e4 verkostoitumisessa ja liiketoiminnan kasvussa. Olemme mukana eri alojen tapahtumissa auttamassa asiakkaitamme kohtaamaan oikeat kumppanit ja luomaan uusia yhteyksi\u00e4. Lue lis\u00e4\u00e4 tapahtumista, joissa olemme paikalla!  <\/p>\n<\/div><\/div>\n\n<div class=\"et_pb_group_0 et_pb_group et_pb_module et_grid_group et_pb_css_mix_blend_mode_passthrough\">\n<div class=\"et_pb_group_1 et_pb_group et_pb_module et_flex_group et_pb_css_mix_blend_mode_passthrough\">\n<div class=\"et_pb_image_0 et_pb_image et_pb_module et_flex_module\"><span class=\"et_pb_image_wrap\"><img loading=\"lazy\" decoding=\"async\" src=\"https:\/\/messuille.flexpressive.eu\/wp-content\/uploads\/GruneWoche_Green.svg\" title=\"Gr\u00fcneWoche_Green\" width=\"283\" height=\"89\" class=\"wp-image-534\" \/><\/span><\/div>\n<\/div>\n\n<div class=\"et_pb_group_2 et_pb_group et_pb_module et_flex_group et_pb_css_mix_blend_mode_passthrough\">\n<div class=\"et_pb_image_1 et_pb_image et_pb_module et_flex_module\"><span class=\"et_pb_image_wrap\"><img loading=\"lazy\" decoding=\"async\" src=\"https:\/\/messuille.flexpressive.eu\/wp-content\/uploads\/ILA_2022_Logo_sRGB_web_positiv_blau.png\" title=\"ILA_2022_Logo_sRGB_web_positiv_blau\" width=\"480\" height=\"288\" srcset=\"https:\/\/messuille.flexpressive.eu\/wp-content\/uploads\/ILA_2022_Logo_sRGB_web_positiv_blau.png 480w, https:\/\/messuille.flexpressive.eu\/wp-content\/uploads\/ILA_2022_Logo_sRGB_web_positiv_blau-300x180.png 300w\" sizes=\"(max-width: 480px) 100vw, 480px\" class=\"wp-image-232\" \/><\/span><\/div>\n<\/div>\n\n<div class=\"et_pb_group_3 et_pb_group et_pb_module et_flex_group et_pb_css_mix_blend_mode_passthrough\">\n<div class=\"et_pb_image_2 et_pb_image et_pb_module et_flex_module\"><span class=\"et_pb_image_wrap\"><img loading=\"lazy\" decoding=\"async\" src=\"https:\/\/messuille.flexpressive.eu\/wp-content\/uploads\/innotrans_logo.svg\" title=\"innotrans_logo\" width=\"915\" height=\"915\" sizes=\"(min-width: 0px) and (max-width: 480px) 480px, (min-width: 481px) 915px, 100vw\" class=\"wp-image-233\" \/><\/span><\/div>\n<\/div>\n\n<div class=\"et_pb_group_4 et_pb_group et_pb_module et_flex_group et_pb_css_mix_blend_mode_passthrough\">\n<div class=\"et_pb_image_3 et_pb_image et_pb_module et_flex_module\"><span class=\"et_pb_image_wrap\"><img loading=\"lazy\" decoding=\"async\" src=\"https:\/\/messuille.flexpressive.eu\/wp-content\/uploads\/FIBE_Logo_unten_Black_sRGB_1c.png\" title=\"FIBE_Logo_unten_Black_sRGB_1c\" width=\"1182\" height=\"491\" srcset=\"https:\/\/messuille.flexpressive.eu\/wp-content\/uploads\/FIBE_Logo_unten_Black_sRGB_1c.png 1182w, https:\/\/messuille.flexpressive.eu\/wp-content\/uploads\/FIBE_Logo_unten_Black_sRGB_1c-980x407.png 980w, https:\/\/messuille.flexpressive.eu\/wp-content\/uploads\/FIBE_Logo_unten_Black_sRGB_1c-480x199.png 480w\" sizes=\"(min-width: 0px) and (max-width: 480px) 480px, (min-width: 481px) and (max-width: 980px) 980px, (min-width: 981px) 1182px, 100vw\" class=\"wp-image-234\" \/><\/span><\/div>\n<\/div>\n\n<div class=\"et_pb_group_5 et_pb_group et_pb_module et_flex_group et_pb_css_mix_blend_mode_passthrough\">\n<div class=\"et_pb_image_4 et_pb_image et_pb_module et_flex_module\"><span class=\"et_pb_image_wrap\"><img loading=\"lazy\" decoding=\"async\" src=\"https:\/\/messuille.flexpressive.eu\/wp-content\/uploads\/DMEA_Logo.svg\" title=\"DMEA_Logo\" width=\"691\" height=\"191\" sizes=\"(min-width: 0px) and (max-width: 480px) 480px, (min-width: 481px) 691px, 100vw\" class=\"wp-image-235\" \/><\/span><\/div>\n<\/div>\n\n<div class=\"et_pb_group_6 et_pb_group et-last-child et_pb_module et_flex_group et_pb_css_mix_blend_mode_passthrough\">\n<div class=\"et_pb_image_5 et_pb_image et_pb_module et_flex_module\"><span class=\"et_pb_image_wrap\"><img loading=\"lazy\" decoding=\"async\" src=\"https:\/\/messuille.flexpressive.eu\/wp-content\/uploads\/ITB_Berlin_Logo.svg\" title=\"ITB_Berlin_Logo\" width=\"270\" height=\"119\" class=\"wp-image-236\" \/><\/span><\/div>\n<\/div>\n<\/div>\n\n<div class=\"et_pb_text_2 et_pb_text et_pb_bg_layout_light et_pb_module et_block_module preset--module--divi-text--default\"><div class=\"et_pb_text_inner\"><h2>Palvelumme<\/h2>\n<p>Tutustu meid\u00e4n tuottamiin palveluihin ja l\u00f6yd\u00e4 ratkaisut, jotka vastaavat tarpeitasi. Tarjoamme laadukkaita erilaisia palveluita, jotka auttavat sinua saavuttamaan tavoitteesi. <\/p>\n<\/div><\/div>\n\n<div class=\"et_pb_accordion_0 et_pb_accordion et_pb_module et_flex_module\">\n<div class=\"et_pb_accordion_item_0 et_pb_accordion_item et_pb_toggle et_pb_module et_pb_toggle_open et_flex_module\"><h5 class=\"et_pb_toggle_title\"> Graafinen suunnittelu<\/h5><div class=\"et_pb_toggle_content et_flex_module\"><p>Hoidamme osaston graafisen ilmeen ja 3D-mallinukset.<\/p>\n<\/div><\/div>\n\n<div class=\"et_pb_accordion_item_1 et_pb_accordion_item et_pb_toggle et_pb_module et_pb_toggle_close et_flex_module\"><h5 class=\"et_pb_toggle_title\">Messuliput<\/h5><div class=\"et_pb_toggle_content et_flex_module\"><p>Pyyd\u00e4 meilt\u00e4 alennuskoodi Messe Berlin GmbH:n lippukauppaan.<\/p>\n<\/div><\/div>\n\n<div class=\"et_pb_accordion_item_2 et_pb_accordion_item et_pb_toggle et_pb_module et_pb_toggle_close et_flex_module\"><h5 class=\"et_pb_toggle_title\"> Osastosuunnittelu ja -rakentaminen<\/h5><div class=\"et_pb_toggle_content et_flex_module\"><p>Suunnittelemme ja toteutamme n\u00e4ytt\u00e4v\u00e4t messuosastot yrityksellesi.<\/p>\n<\/div><\/div>\n<\/div>\n\n<div class=\"et_pb_row_3 et_pb_row et_pb_row_nested et_flex_row\">\n<div class=\"et_pb_column_3 et_pb_column et_flex_column et_pb_css_mix_blend_mode_passthrough et_flex_column_12_24 et_flex_column_12_24_tablet et_flex_column_24_24_phone\">\n<div class=\"et_pb_text_3 et_pb_text et_pb_bg_layout_light et_pb_module et_block_module preset--module--divi-text--default\"><div class=\"et_pb_text_inner\"><h3>Ota yhteytt\u00e4<\/h3>\n<p>Autamme sinua kaikissa messuihin liittyviss\u00e4 kysymyksiss\u00e4. Yleiset tiedustelut ja vierailijaliput ota yhteytt\u00e4 <a href=\"mailto:info@messuille.fi\">info@messuille.fi<\/a> <\/p>\n<p><strong>Messuille Oy<\/strong><br \/>\n+358 50 3570112<br \/>\n<a href=\"mailto:info@messuille.fi\">info@messuille.fi<\/a><br \/>\nBoffice, Erottajankatu 15 \u2013 17, 4th floor<br \/>\n00130 Helsinki<\/p>\n<\/div><\/div>\n<\/div>\n\n<div class=\"et_pb_column_4 et_pb_column et-last-child et_flex_column et_pb_css_mix_blend_mode_passthrough et_flex_column_12_24 et_flex_column_12_24_tablet et_flex_column_24_24_phone\">\n<div class=\"et_pb_map_0 et_pb_map_container et_pb_module et_flex_module\" data-grayscale=\"\"><div class=\"et_pb_map\" data-center-lat=\"0\" data-center-lng=\"0\" data-zoom=\"18\" data-mouse-wheel=\"on\" data-mobile-dragging=\"on\"><\/div>\n<div class=\"et_pb_map_pin_0 et_pb_map_pin\" data-lat=\"0\" data-lng=\"0\" data-title=\"\"><\/div>\n<\/div>\n<\/div>\n<\/div>\n<\/div>\n<\/div>\n<\/div>","protected":false},"excerpt":{"rendered":"","protected":false},"author":1,"featured_media":0,"parent":0,"menu_order":0,"comment_status":"closed","ping_status":"closed","template":"","meta":{"_acf_changed":false,"footnotes":""},"class_list":["post-684","page","type-page","status-publish","hentry"],"acf":[],"_links":{"self":[{"href":"https:\/\/messuille.flexpressive.eu\/fi\/wp-json\/wp\/v2\/pages\/684","targetHints":{"allow":["GET"]}}],"collection":[{"href":"https:\/\/messuille.flexpressive.eu\/fi\/wp-json\/wp\/v2\/pages"}],"about":[{"href":"https:\/\/messuille.flexpressive.eu\/fi\/wp-json\/wp\/v2\/types\/page"}],"author":[{"embeddable":true,"href":"https:\/\/messuille.flexpressive.eu\/fi\/wp-json\/wp\/v2\/users\/1"}],"replies":[{"embeddable":true,"href":"https:\/\/messuille.flexpressive.eu\/fi\/wp-json\/wp\/v2\/comments?post=684"}],"version-history":[{"count":2,"href":"https:\/\/messuille.flexpressive.eu\/fi\/wp-json\/wp\/v2\/pages\/684\/revisions"}],"predecessor-version":[{"id":769,"href":"https:\/\/messuille.flexpressive.eu\/fi\/wp-json\/wp\/v2\/pages\/684\/revisions\/769"}],"wp:attachment":[{"href":"https:\/\/messuille.flexpressive.eu\/fi\/wp-json\/wp\/v2\/media?parent=684"}],"curies":[{"name":"wp","href":"https:\/\/api.w.org\/{rel}","templated":true}]}}