{"id":724,"date":"2026-02-28T12:08:46","date_gmt":"2026-02-28T12:08:46","guid":{"rendered":"https:\/\/messuille.flexpressive.eu\/begivenheder\/messer-vi-repraesenterer-i-asien\/"},"modified":"2026-03-04T12:04:04","modified_gmt":"2026-03-04T12:04:04","slug":"messer-i-asien","status":"publish","type":"page","link":"https:\/\/messuille.flexpressive.eu\/da\/begivenheder\/messer-i-asien\/","title":{"rendered":"Messer i Asien"},"content":{"rendered":"<div class=\"et_pb_section_0 et_pb_section et_section_regular et_flex_section preset--module--divi-section--gid451zkip\">\n<div class=\"et_pb_row_0 et_pb_row et_flex_row preset--module--divi-row--gaq9lqeedo\">\n<div class=\"et_pb_column_0 et_pb_column et-last-child et_flex_column et_pb_css_mix_blend_mode_passthrough et_flex_column_24_24 et_flex_column_24_24_tablet et_flex_column_24_24_phone\">\n<div class=\"et_pb_text_0 et_pb_text et_pb_bg_layout_light et_pb_module et_block_module preset--module--divi-text--default\"><div class=\"et_pb_text_inner\"><h1>Messer vi repr\u00e6senterer i Asien<\/h1>\n<p>Messer i Asien giver mulighed for at skabe nye forretningskontakter og netv\u00e6rk, is\u00e6r hvis du er p\u00e5 udkig efter en indgangsvinkel p\u00e5 det asiatiske marked.<br \/>\nHos Messuille g\u00f8r vi det s\u00e5 nemt som muligt for dig at deltage. Vi planl\u00e6gger og gennemf\u00f8rer b\u00e5de individuelle og f\u00e6lles udstillingsstande til asiatiske messer. <\/p>\n<\/div><\/div>\n\n<div class=\"et_pb_row_1 et_pb_row et_pb_row_nested et_flex_row\">\n<div class=\"et_pb_column_1 et_pb_column et_flex_column et_pb_css_mix_blend_mode_passthrough et_flex_column_6_24 et_flex_column_6_24_tablet et_flex_column_24_24_phone\">\n<div class=\"et_pb_image_0 et_pb_image et_pb_module et_flex_module\"><span class=\"et_pb_image_wrap\"><img loading=\"lazy\" decoding=\"async\" src=\"https:\/\/messuille.flexpressive.eu\/wp-content\/uploads\/Messe_Berlin_Asia_Pacific_Logo.svg\" title=\"Messe_Berlin_Asia_Pacific_Logo\" width=\"94\" height=\"16\" class=\"wp-image-579\" \/><\/span><\/div>\n<\/div>\n\n<div class=\"et_pb_column_2 et_pb_column et-last-child et_flex_column et_pb_css_mix_blend_mode_passthrough et_flex_column_18_24 et_flex_column_18_24_tablet et_flex_column_24_24_phone\">\n<div class=\"et_pb_text_1 et_pb_text et_pb_bg_layout_light et_pb_module et_block_module preset--module--divi-text--default\"><div class=\"et_pb_text_inner\"><h2>Begivenheder arrangeret af Messe Berlin<\/h2>\n<\/div><\/div>\n<\/div>\n<\/div>\n\n<div class=\"et_pb_group_0 et_pb_group et_pb_module et_grid_group et_pb_css_mix_blend_mode_passthrough\" id=\"Events\">\n<div class=\"et_pb_group_1 et_pb_group et-last-child et_pb_module et_flex_group et_pb_css_mix_blend_mode_passthrough et_clickable\" data-loop-item=\"0\">\n<div class=\"et_pb_image_1 et_pb_image et_pb_module et_flex_module\"><span class=\"et_pb_image_wrap\"><img loading=\"lazy\" decoding=\"async\" src=\"https:\/\/messuille.flexpressive.eu\/wp-content\/uploads\/ITB_China_Logo.svg\" width=\"150\" height=\"66\" class=\"wp-image-558\" \/><\/span><\/div>\n\n<div class=\"et_pb_text_2 et_pb_text et_pb_bg_layout_light et_pb_module et_block_module preset--module--divi-text--default\"><div class=\"et_pb_text_inner\"><h3>ITB CHINA<\/h3>\n<\/div><\/div>\n\n<div class=\"et_pb_group_2 et_pb_group et_pb_module et_flex_group et_pb_css_mix_blend_mode_passthrough\">\n<div class=\"et_pb_text_3 et_pb_text et_pb_bg_layout_light et_pb_module et_block_module preset--module--divi-text--default\"><div class=\"et_pb_text_inner\"><p>SWEECC,<\/p>\n<\/div><\/div>\n\n<div class=\"et_pb_text_4 et_pb_text et_pb_bg_layout_light et_pb_module et_block_module preset--module--divi-text--default\"><div class=\"et_pb_text_inner\"><p>&nbsp;Shanghai<\/p>\n<\/div><\/div>\n<\/div>\n\n\n\n\n\n<div class=\"et_pb_group_5 et_pb_group et_pb_module et_flex_group et_pb_css_mix_blend_mode_passthrough\">\n<div class=\"et_pb_text_9 et_pb_text et_pb_bg_layout_light et_pb_module et_block_module preset--module--divi-text--default\"><div class=\"et_pb_text_inner\"><p>26.05&nbsp;-&nbsp;<\/p>\n<\/div><\/div>\n\n<div class=\"et_pb_text_10 et_pb_text et_pb_bg_layout_light et_pb_module et_block_module preset--module--divi-text--default\"><div class=\"et_pb_text_inner\"><p>28.05.2026<\/p>\n<\/div><\/div>\n<\/div>\n\n\n\n<div class=\"et_pb_text_12 et_pb_text et_pb_bg_layout_light et_pb_module et_block_module preset--module--divi-text--default\"><div class=\"et_pb_text_inner\"><p>L\u00e6s mere<\/p>\n<\/div><\/div>\n<\/div>\n<\/div>\n\n<div class=\"et_pb_text_13 et_pb_text et_pb_bg_layout_light et_pb_module et_block_module preset--module--divi-text--default\"><div class=\"et_pb_text_inner\"><p>L\u00e6s mere om Messe Berlins arrangementer i Asien <a href=\"https:\/\/www.messe-berlin.asia\/en\/business\/sales-for-messe-berlin-portfolio\" title=\"\">her<\/a><\/p>\n<\/div><\/div>\n\n<div class=\"et_pb_text_14 et_pb_text et_pb_bg_layout_light et_pb_module et_block_module preset--module--divi-text--default\"><div class=\"et_pb_text_inner\"><h2>Andre begivenheder<\/h2>\n<p>Vi bygger b\u00e5de individuelle stande og f\u00e6lles danske stande til de kommende asiatiske messer. Vores team har s\u00e6rlig ekspertise i Asien, og vi bygger stande med mere end ti \u00e5rs erfaring. Vi kan ogs\u00e5 hj\u00e6lpe dig med andre messerelaterede sp\u00f8rgsm\u00e5l. Sp\u00f8rg os om mere information!   <\/p>\n<\/div><\/div>\n\n<div class=\"et_pb_text_15 et_pb_text et_pb_bg_layout_light et_pb_module et_block_module preset--module--divi-text--default\"><div class=\"et_pb_text_inner\"><h3>Asiatisk maritim messe<br \/><\/h3>\n<\/div><\/div>\n\n<div class=\"et_pb_group_6 et_pb_group et_pb_module et_grid_group et_pb_css_mix_blend_mode_passthrough\" id=\"Events\">\n<div class=\"et_pb_group_7 et_pb_group et-last-child et_pb_module et_flex_group et_pb_css_mix_blend_mode_passthrough et_clickable\" data-loop-item=\"0\">\n<div class=\"et_pb_image_2 et_pb_image et_pb_module et_flex_module\"><span class=\"et_pb_image_wrap\"><img loading=\"lazy\" decoding=\"async\" src=\"https:\/\/messuille.flexpressive.eu\/wp-content\/uploads\/Imdex_Asia_Logo.svg\" width=\"117\" height=\"70\" class=\"wp-image-570\" \/><\/span><\/div>\n\n<div class=\"et_pb_text_16 et_pb_text et_pb_bg_layout_light et_pb_module et_block_module preset--module--divi-text--default\"><div class=\"et_pb_text_inner\"><h3>IMDEX ASIA<\/h3>\n<\/div><\/div>\n\n<div class=\"et_pb_group_8 et_pb_group et_pb_module et_flex_group et_pb_css_mix_blend_mode_passthrough\">\n<div class=\"et_pb_text_17 et_pb_text et_pb_bg_layout_light et_pb_module et_block_module preset--module--divi-text--default\"><div class=\"et_pb_text_inner\"><p>Changi Exhibition Centre,<\/p>\n<\/div><\/div>\n\n<div class=\"et_pb_text_18 et_pb_text et_pb_bg_layout_light et_pb_module et_block_module preset--module--divi-text--default\"><div class=\"et_pb_text_inner\"><p>&nbsp;Singapore<\/p>\n<\/div><\/div>\n<\/div>\n\n\n\n\n\n<div class=\"et_pb_group_11 et_pb_group et_pb_module et_flex_group et_pb_css_mix_blend_mode_passthrough\">\n<div class=\"et_pb_text_23 et_pb_text et_pb_bg_layout_light et_pb_module et_block_module preset--module--divi-text--default\"><div class=\"et_pb_text_inner\"><p>05.05&nbsp;-&nbsp;<\/p>\n<\/div><\/div>\n\n<div class=\"et_pb_text_24 et_pb_text et_pb_bg_layout_light et_pb_module et_block_module preset--module--divi-text--default\"><div class=\"et_pb_text_inner\"><p>07.05.2027<\/p>\n<\/div><\/div>\n<\/div>\n\n\n\n<div class=\"et_pb_text_26 et_pb_text et_pb_bg_layout_light et_pb_module et_block_module preset--module--divi-text--default\"><div class=\"et_pb_text_inner\"><p>L\u00e6s mere<\/p>\n<\/div><\/div>\n<\/div>\n<\/div>\n\n<div class=\"et_pb_text_27 et_pb_text et_pb_bg_layout_light et_pb_module et_block_module preset--module--divi-text--default\"><div class=\"et_pb_text_inner\"><h3>Energimesse<\/h3>\n<\/div><\/div>\n\n<div class=\"et_pb_group_12 et_pb_group et-last-child et_pb_module et_grid_group et_pb_css_mix_blend_mode_passthrough\" id=\"Events\">\n<div class=\"et_pb_group_13 et_pb_group et-last-child et_pb_module et_flex_group et_pb_css_mix_blend_mode_passthrough et_clickable\" data-loop-item=\"0\">\n<div class=\"et_pb_image_3 et_pb_image et_pb_module et_flex_module\"><span class=\"et_pb_image_wrap\"><img loading=\"lazy\" decoding=\"async\" src=\"https:\/\/messuille.flexpressive.eu\/wp-content\/uploads\/ASEweek_Logo.png\" width=\"500\" height=\"346\" srcset=\"https:\/\/messuille.flexpressive.eu\/wp-content\/uploads\/ASEweek_Logo.png 500w, https:\/\/messuille.flexpressive.eu\/wp-content\/uploads\/ASEweek_Logo-480x332.png 480w\" sizes=\"(min-width: 0px) and (max-width: 480px) 480px, (min-width: 481px) 500px, 100vw\" class=\"wp-image-576\" \/><\/span><\/div>\n\n<div class=\"et_pb_text_28 et_pb_text et_pb_bg_layout_light et_pb_module et_block_module preset--module--divi-text--default\"><div class=\"et_pb_text_inner\"><h3>Asean Sustainable Energy Week<\/h3>\n<\/div><\/div>\n\n<div class=\"et_pb_group_14 et_pb_group et_pb_module et_flex_group et_pb_css_mix_blend_mode_passthrough\">\n<div class=\"et_pb_text_29 et_pb_text et_pb_bg_layout_light et_pb_module et_block_module preset--module--divi-text--default\"><div class=\"et_pb_text_inner\"><p>QSNCC,<\/p>\n<\/div><\/div>\n\n<div class=\"et_pb_text_30 et_pb_text et_pb_bg_layout_light et_pb_module et_block_module preset--module--divi-text--default\"><div class=\"et_pb_text_inner\"><p>&nbsp;Bangkok<\/p>\n<\/div><\/div>\n<\/div>\n\n\n\n\n\n<div class=\"et_pb_group_17 et_pb_group et_pb_module et_flex_group et_pb_css_mix_blend_mode_passthrough\">\n<div class=\"et_pb_text_35 et_pb_text et_pb_bg_layout_light et_pb_module et_block_module preset--module--divi-text--default\"><div class=\"et_pb_text_inner\"><p>01.07&nbsp;-&nbsp;<\/p>\n<\/div><\/div>\n\n<div class=\"et_pb_text_36 et_pb_text et_pb_bg_layout_light et_pb_module et_block_module preset--module--divi-text--default\"><div class=\"et_pb_text_inner\"><p>03.07.2026<\/p>\n<\/div><\/div>\n<\/div>\n\n\n\n<div class=\"et_pb_text_38 et_pb_text et_pb_bg_layout_light et_pb_module et_block_module preset--module--divi-text--default\"><div class=\"et_pb_text_inner\"><p>L\u00e6s mere<\/p>\n<\/div><\/div>\n<\/div>\n<\/div>\n<\/div>\n<\/div>\n<\/div>","protected":false},"excerpt":{"rendered":"","protected":false},"author":1,"featured_media":0,"parent":690,"menu_order":0,"comment_status":"closed","ping_status":"closed","template":"","meta":{"_acf_changed":false,"footnotes":""},"class_list":["post-724","page","type-page","status-publish","hentry"],"acf":[],"_links":{"self":[{"href":"https:\/\/messuille.flexpressive.eu\/da\/wp-json\/wp\/v2\/pages\/724","targetHints":{"allow":["GET"]}}],"collection":[{"href":"https:\/\/messuille.flexpressive.eu\/da\/wp-json\/wp\/v2\/pages"}],"about":[{"href":"https:\/\/messuille.flexpressive.eu\/da\/wp-json\/wp\/v2\/types\/page"}],"author":[{"embeddable":true,"href":"https:\/\/messuille.flexpressive.eu\/da\/wp-json\/wp\/v2\/users\/1"}],"replies":[{"embeddable":true,"href":"https:\/\/messuille.flexpressive.eu\/da\/wp-json\/wp\/v2\/comments?post=724"}],"version-history":[{"count":5,"href":"https:\/\/messuille.flexpressive.eu\/da\/wp-json\/wp\/v2\/pages\/724\/revisions"}],"predecessor-version":[{"id":731,"href":"https:\/\/messuille.flexpressive.eu\/da\/wp-json\/wp\/v2\/pages\/724\/revisions\/731"}],"up":[{"embeddable":true,"href":"https:\/\/messuille.flexpressive.eu\/da\/wp-json\/wp\/v2\/pages\/690"}],"wp:attachment":[{"href":"https:\/\/messuille.flexpressive.eu\/da\/wp-json\/wp\/v2\/media?parent=724"}],"curies":[{"name":"wp","href":"https:\/\/api.w.org\/{rel}","templated":true}]}}