{"id":720,"date":"2026-02-27T12:59:50","date_gmt":"2026-02-27T12:59:50","guid":{"rendered":"https:\/\/messuille.flexpressive.eu\/begivenheder\/messer-i-europa\/"},"modified":"2026-03-04T11:50:00","modified_gmt":"2026-03-04T11:50:00","slug":"messer-i-europa","status":"publish","type":"page","link":"https:\/\/messuille.flexpressive.eu\/da\/begivenheder\/messer-i-europa\/","title":{"rendered":"Messer i Europa"},"content":{"rendered":"<div class=\"et_pb_section_0 et_pb_section et_section_regular et_flex_section preset--module--divi-section--gid451zkip\">\n<div class=\"et_pb_row_0 et_pb_row et_flex_row preset--module--divi-row--gaq9lqeedo\">\n<div class=\"et_pb_column_0 et_pb_column et-last-child et_flex_column et_pb_css_mix_blend_mode_passthrough et_flex_column_24_24 et_flex_column_24_24_tablet et_flex_column_24_24_phone\">\n<div class=\"et_pb_text_0 et_pb_text et_pb_bg_layout_light et_pb_module et_block_module preset--module--divi-text--default\"><div class=\"et_pb_text_inner\"><h1>Messer i Europa<\/h1>\n<p>Messer i Europa er et enest\u00e5ende sted at skabe nye kontakter, m\u00f8des med eksisterende partnere og styrke dit brands internationale position. Har du vigtige messer i Europa, kan vi hos Messuille hj\u00e6lpe dig ved en skr\u00e6ddersyet stand der m\u00f8der dit visuelle image og brand identitet.<br \/>Vi bestr\u00e6ber os p\u00e5 at g\u00f8re din deltagelse nem og effektiv, s\u00e5 din virksomhed kan fokusere fuldt ud p\u00e5 nye forretningsmuligheder. Udforsk europ\u00e6iske messer, og tag det n\u00e6ste skridt mod en mere synlig og st\u00e6rkere international markedsposition.  <\/p>\n<p><strong>Hvis du har sp\u00f8rgsm\u00e5l, er du velkommen til at kontakte os \u2013 vi er her for at hj\u00e6lpe.<\/strong><\/p>\n<\/div><\/div>\n\n<div class=\"et_pb_row_1 et_pb_row et_pb_row_nested et_flex_row\">\n<div class=\"et_pb_column_1 et_pb_column et_flex_column et_pb_css_mix_blend_mode_passthrough et_flex_column_6_24 et_flex_column_6_24_tablet et_flex_column_24_24_phone\">\n<div class=\"et_pb_image_0 et_pb_image et_pb_module et_flex_module\"><span class=\"et_pb_image_wrap\"><img loading=\"lazy\" decoding=\"async\" src=\"https:\/\/messuille.flexpressive.eu\/wp-content\/uploads\/Messe_Berlin_Logo_Blue.svg\" title=\"Messe_Berlin_Logo_Blue\" width=\"181\" height=\"50\" class=\"wp-image-247\" \/><\/span><\/div>\n<\/div>\n\n<div class=\"et_pb_column_2 et_pb_column et-last-child et_flex_column et_pb_css_mix_blend_mode_passthrough et_flex_column_18_24 et_flex_column_18_24_tablet et_flex_column_24_24_phone\">\n<div class=\"et_pb_text_1 et_pb_text et_pb_bg_layout_light et_pb_module et_block_module preset--module--divi-text--default\"><div class=\"et_pb_text_inner\"><h2>Begivenheder arrangeret af Messe Berlin<\/h2>\n<\/div><\/div>\n<\/div>\n<\/div>\n\n<div class=\"et_pb_group_0 et_pb_group et_pb_module et_grid_group et_pb_css_mix_blend_mode_passthrough\" id=\"Events\">\n<div class=\"et_pb_group_1 et_pb_group et-last-child et_pb_module et_flex_group et_pb_css_mix_blend_mode_passthrough et_clickable\" data-loop-item=\"0\">\n<div class=\"et_pb_image_1 et_pb_image et_pb_module et_flex_module\"><span class=\"et_pb_image_wrap\"><img loading=\"lazy\" decoding=\"async\" src=\"https:\/\/messuille.flexpressive.eu\/wp-content\/uploads\/GruneWoche_Green.svg\" width=\"283\" height=\"89\" class=\"wp-image-534\" \/><\/span><\/div>\n\n<div class=\"et_pb_text_2 et_pb_text et_pb_bg_layout_light et_pb_module et_block_module preset--module--divi-text--default\"><div class=\"et_pb_text_inner\"><h3>Gr\u00fcne Woche 2027<\/h3>\n<\/div><\/div>\n\n<div class=\"et_pb_group_2 et_pb_group et_pb_module et_flex_group et_pb_css_mix_blend_mode_passthrough\">\n<div class=\"et_pb_text_3 et_pb_text et_pb_bg_layout_light et_pb_module et_block_module preset--module--divi-text--default\"><div class=\"et_pb_text_inner\"><p>Messe Berlin,<\/p>\n<\/div><\/div>\n\n<div class=\"et_pb_text_4 et_pb_text et_pb_bg_layout_light et_pb_module et_block_module preset--module--divi-text--default\"><div class=\"et_pb_text_inner\"><p>&nbsp;Berlin<\/p>\n<\/div><\/div>\n<\/div>\n\n\n\n\n\n<div class=\"et_pb_group_5 et_pb_group et_pb_module et_flex_group et_pb_css_mix_blend_mode_passthrough\">\n<div class=\"et_pb_text_9 et_pb_text et_pb_bg_layout_light et_pb_module et_block_module preset--module--divi-text--default\"><div class=\"et_pb_text_inner\"><p>15.01&nbsp;-&nbsp;<\/p>\n<\/div><\/div>\n\n<div class=\"et_pb_text_10 et_pb_text et_pb_bg_layout_light et_pb_module et_block_module preset--module--divi-text--default\"><div class=\"et_pb_text_inner\"><p>24.01.2027<\/p>\n<\/div><\/div>\n<\/div>\n\n\n\n<div class=\"et_pb_text_12 et_pb_text et_pb_bg_layout_light et_pb_module et_block_module preset--module--divi-text--default\"><div class=\"et_pb_text_inner\"><p>L\u00e6s mere<\/p>\n<\/div><\/div>\n<\/div>\n<\/div>\n\n<div class=\"et_pb_text_13 et_pb_text et_pb_bg_layout_light et_pb_module et_block_module preset--module--divi-text--default\"><div class=\"et_pb_text_inner\"><p>Du kan f\u00e5 mere at vide om messen og information p\u00e5 Messe Berlins hjemmeside: <a href=\"http:\/\/www.messe-berlin.com\" target=\"_blank\" rel=\"noopener\">www.messe-berlin.com<\/a><\/p>\n<\/div><\/div>\n\n<div class=\"et_pb_text_14 et_pb_text et_pb_bg_layout_light et_pb_module et_block_module preset--module--divi-text--default\"><div class=\"et_pb_text_inner\"><h2>Andre begivenheder<\/h2>\n<p>Vi bygger ogs\u00e5 b\u00e5de individuelle og f\u00e6lles finske stande til andre europ\u00e6iske messer. Klik her for at f\u00e5 flere oplysninger om messerne p\u00e5 finsk. <\/p>\n<\/div><\/div>\n\n<div class=\"et_pb_group_6 et_pb_group et-last-child et_pb_module et_grid_group et_pb_css_mix_blend_mode_passthrough\" id=\"Events\">\n<div class=\"et_pb_group_7 et_pb_group et-last-child et_pb_module et_flex_group et_pb_css_mix_blend_mode_passthrough et_clickable\" data-loop-item=\"0\">\n<div class=\"et_pb_image_2 et_pb_image et_pb_module et_flex_module\"><span class=\"et_pb_image_wrap\"><img loading=\"lazy\" decoding=\"async\" src=\"https:\/\/messuille.flexpressive.eu\/wp-content\/uploads\/Breakbulk_Europe_Logo.svg\" width=\"105\" height=\"41\" class=\"wp-image-538\" \/><\/span><\/div>\n\n<div class=\"et_pb_text_15 et_pb_text et_pb_bg_layout_light et_pb_module et_block_module preset--module--divi-text--default\"><div class=\"et_pb_text_inner\"><h3>Breakbulk Europa<\/h3>\n<\/div><\/div>\n\n<div class=\"et_pb_group_8 et_pb_group et_pb_module et_flex_group et_pb_css_mix_blend_mode_passthrough\">\n<div class=\"et_pb_text_16 et_pb_text et_pb_bg_layout_light et_pb_module et_block_module preset--module--divi-text--default\"><div class=\"et_pb_text_inner\"><p>Ahoy,<\/p>\n<\/div><\/div>\n\n<div class=\"et_pb_text_17 et_pb_text et_pb_bg_layout_light et_pb_module et_block_module preset--module--divi-text--default\"><div class=\"et_pb_text_inner\"><p>&nbsp;Rotterdam<\/p>\n<\/div><\/div>\n<\/div>\n\n\n\n\n\n<div class=\"et_pb_group_11 et_pb_group et_pb_module et_flex_group et_pb_css_mix_blend_mode_passthrough\">\n<div class=\"et_pb_text_22 et_pb_text et_pb_bg_layout_light et_pb_module et_block_module preset--module--divi-text--default\"><div class=\"et_pb_text_inner\"><p>16.06&nbsp;-&nbsp;<\/p>\n<\/div><\/div>\n\n<div class=\"et_pb_text_23 et_pb_text et_pb_bg_layout_light et_pb_module et_block_module preset--module--divi-text--default\"><div class=\"et_pb_text_inner\"><p>18.06.2026<\/p>\n<\/div><\/div>\n<\/div>\n\n\n\n<div class=\"et_pb_text_25 et_pb_text et_pb_bg_layout_light et_pb_module et_block_module preset--module--divi-text--default\"><div class=\"et_pb_text_inner\"><p>L\u00e6s mere<\/p>\n<\/div><\/div>\n<\/div>\n<\/div>\n<\/div>\n<\/div>\n<\/div>","protected":false},"excerpt":{"rendered":"","protected":false},"author":1,"featured_media":0,"parent":690,"menu_order":0,"comment_status":"closed","ping_status":"closed","template":"","meta":{"_acf_changed":false,"footnotes":""},"class_list":["post-720","page","type-page","status-publish","hentry"],"acf":[],"_links":{"self":[{"href":"https:\/\/messuille.flexpressive.eu\/da\/wp-json\/wp\/v2\/pages\/720","targetHints":{"allow":["GET"]}}],"collection":[{"href":"https:\/\/messuille.flexpressive.eu\/da\/wp-json\/wp\/v2\/pages"}],"about":[{"href":"https:\/\/messuille.flexpressive.eu\/da\/wp-json\/wp\/v2\/types\/page"}],"author":[{"embeddable":true,"href":"https:\/\/messuille.flexpressive.eu\/da\/wp-json\/wp\/v2\/users\/1"}],"replies":[{"embeddable":true,"href":"https:\/\/messuille.flexpressive.eu\/da\/wp-json\/wp\/v2\/comments?post=720"}],"version-history":[{"count":1,"href":"https:\/\/messuille.flexpressive.eu\/da\/wp-json\/wp\/v2\/pages\/720\/revisions"}],"predecessor-version":[{"id":721,"href":"https:\/\/messuille.flexpressive.eu\/da\/wp-json\/wp\/v2\/pages\/720\/revisions\/721"}],"up":[{"embeddable":true,"href":"https:\/\/messuille.flexpressive.eu\/da\/wp-json\/wp\/v2\/pages\/690"}],"wp:attachment":[{"href":"https:\/\/messuille.flexpressive.eu\/da\/wp-json\/wp\/v2\/media?parent=720"}],"curies":[{"name":"wp","href":"https:\/\/api.w.org\/{rel}","templated":true}]}}