{"id":712,"date":"2026-02-25T01:49:52","date_gmt":"2026-02-25T01:49:52","guid":{"rendered":"https:\/\/messuille.flexpressive.eu\/serviceydelser\/"},"modified":"2026-03-04T12:07:47","modified_gmt":"2026-03-04T12:07:47","slug":"serviceydelser","status":"publish","type":"page","link":"https:\/\/messuille.flexpressive.eu\/da\/serviceydelser\/","title":{"rendered":"Serviceydelser"},"content":{"rendered":"<div class=\"et_pb_section_0 et_pb_section et_section_regular et_block_section preset--module--divi-section--gid451zkip\">\n<div class=\"et_pb_row_0 et_pb_row et_flex_row preset--module--divi-row--gaq9lqeedo\">\n<div class=\"et_pb_column_0 et_pb_column et-last-child et_flex_column et_pb_css_mix_blend_mode_passthrough et_flex_column_24_24 et_flex_column_24_24_tablet et_flex_column_24_24_phone\">\n<div class=\"et_pb_text_0 et_pb_text et_pb_bg_layout_light et_pb_module et_block_module preset--module--divi-text--default\"><div class=\"et_pb_text_inner\"><h1>Vores tjenester<\/h1>\n<p>Vi tilbyder ved Messuille Oy en r\u00e6kke tjenester i forbindelse med din messe deltagelse. Din stand vil i sammenspil med os designes, vi vil st\u00e5 for grafisk design, opbygning og messeskiltning \u2013 yderligere vil vi v\u00e6re tilstede under messen for at sikre du modtager din stand efter dine \u00f8nsker.<br \/>Om muligt hj\u00e6lper vi med ans\u00f8gning om messefinansiering &amp; kan hj\u00e6lpe med kommunikation for udarbejde delevenlige stande. <\/p>\n<\/div><\/div>\n\n<div class=\"et_pb_group_0 et_pb_group et_pb_module et_grid_group et_pb_css_mix_blend_mode_passthrough\">\n<div class=\"et_pb_group_1 et_pb_group et_pb_module et_flex_group et_pb_css_mix_blend_mode_passthrough\">\n<div class=\"et_pb_image_0 et_pb_image et_pb_module et_flex_module\"><span class=\"et_pb_image_wrap\"><img loading=\"lazy\" decoding=\"async\" src=\"https:\/\/messuille.flexpressive.eu\/wp-content\/uploads\/tools.png\" title=\"tools\" width=\"192\" height=\"191\" srcset=\"https:\/\/messuille.flexpressive.eu\/wp-content\/uploads\/tools.png 192w, https:\/\/messuille.flexpressive.eu\/wp-content\/uploads\/tools-150x150.png 150w\" sizes=\"(max-width: 192px) 100vw, 192px\" class=\"wp-image-27\" \/><\/span><\/div>\n\n<div class=\"et_pb_text_1 et_pb_text et_pb_bg_layout_light et_pb_module et_block_module preset--module--divi-text--default\"><div class=\"et_pb_text_inner\"><p>Design og konstruktion<\/p>\n<\/div><\/div>\n<\/div>\n\n<div class=\"et_pb_group_2 et_pb_group et_pb_module et_flex_group et_pb_css_mix_blend_mode_passthrough\">\n<div class=\"et_pb_image_1 et_pb_image et_pb_module et_flex_module\"><span class=\"et_pb_image_wrap\"><img loading=\"lazy\" decoding=\"async\" src=\"https:\/\/messuille.flexpressive.eu\/wp-content\/uploads\/pen.png\" title=\"pen\" width=\"188\" height=\"187\" srcset=\"https:\/\/messuille.flexpressive.eu\/wp-content\/uploads\/pen.png 188w, https:\/\/messuille.flexpressive.eu\/wp-content\/uploads\/pen-150x150.png 150w\" sizes=\"(max-width: 188px) 100vw, 188px\" class=\"wp-image-26\" \/><\/span><\/div>\n\n<div class=\"et_pb_text_2 et_pb_text et_pb_bg_layout_light et_pb_module et_block_module preset--module--divi-text--default\"><div class=\"et_pb_text_inner\"><p>Design og konstruktion<\/p>\n<\/div><\/div>\n<\/div>\n\n<div class=\"et_pb_group_3 et_pb_group et-last-child et_pb_module et_flex_group et_pb_css_mix_blend_mode_passthrough\">\n<div class=\"et_pb_image_2 et_pb_image et_pb_module et_flex_module\"><span class=\"et_pb_image_wrap\"><img loading=\"lazy\" decoding=\"async\" src=\"https:\/\/messuille.flexpressive.eu\/wp-content\/uploads\/book.png\" title=\"book\" width=\"188\" height=\"139\" sizes=\"(max-width: 188px) 100vw, 188px\" class=\"wp-image-25\" \/><\/span><\/div>\n\n<div class=\"et_pb_text_3 et_pb_text et_pb_bg_layout_light et_pb_module et_block_module preset--module--divi-text--default\"><div class=\"et_pb_text_inner\"><p>Design og konstruktion<\/p>\n<\/div><\/div>\n<\/div>\n<\/div>\n\n<div class=\"et_pb_group_4 et_pb_group et_pb_module et_grid_group et_pb_css_mix_blend_mode_passthrough\">\n<div class=\"et_pb_text_4 et_pb_text et_pb_bg_layout_light et_pb_module et_block_module preset--module--divi-text--default\"><div class=\"et_pb_text_inner\"><h2>DESIGN OG KONSTRUKTION AF STAND<\/h2>\n<p>Vi skaber i dialog med dig en unik messestand der tager h\u00f8jde for dit brand og dine m\u00e5l ved deltagelsen. Designet vil have funktionalitet i h\u00f8jfokus med karakteristisk og moderne look, som vil hj\u00e6lpe med at \u00f8je synligheden for din virksomhed. <\/p>\n<p>Igennem processen vil vi tilbyde 3D-rendering, tekniske dokumentation og s\u00f8rge for at disse blive tilsendt s\u00e5ledes konstruktion kan udf\u00f8res uden overraskelser. Vores team supervisere byggeprocessen og sikre at standen bliver klar til tiden \u2013 S\u00e5 dit fokus kan v\u00e6re p\u00e5 dine kunder og forretning. <\/p>\n<p>&nbsp;<\/p>\n<\/div><\/div>\n\n<div class=\"et_pb_image_3 et_pb_image et_pb_module et_flex_module\"><span class=\"et_pb_image_wrap\"><img loading=\"lazy\" decoding=\"async\" src=\"https:\/\/messuille.flexpressive.eu\/wp-content\/uploads\/tools.png\" title=\"tools\" width=\"192\" height=\"191\" srcset=\"https:\/\/messuille.flexpressive.eu\/wp-content\/uploads\/tools.png 192w, https:\/\/messuille.flexpressive.eu\/wp-content\/uploads\/tools-150x150.png 150w\" sizes=\"(max-width: 192px) 100vw, 192px\" class=\"wp-image-27\" \/><\/span><\/div>\n<\/div>\n\n<div class=\"et_pb_group_5 et_pb_group et_pb_module et_grid_group et_pb_css_mix_blend_mode_passthrough\">\n<div class=\"et_pb_image_4 et_pb_image et_pb_module et_flex_module\"><span class=\"et_pb_image_wrap\"><img loading=\"lazy\" decoding=\"async\" src=\"https:\/\/messuille.flexpressive.eu\/wp-content\/uploads\/pen.png\" title=\"pen\" width=\"188\" height=\"187\" srcset=\"https:\/\/messuille.flexpressive.eu\/wp-content\/uploads\/pen.png 188w, https:\/\/messuille.flexpressive.eu\/wp-content\/uploads\/pen-150x150.png 150w\" sizes=\"(max-width: 188px) 100vw, 188px\" class=\"wp-image-26\" \/><\/span><\/div>\n\n<div class=\"et_pb_text_5 et_pb_text et_pb_bg_layout_light et_pb_module et_block_module preset--module--divi-text--default\"><div class=\"et_pb_text_inner\"><h2>GRAFISKE DESIGNS<\/h2>\n<p>Vi tilbyder grafisk designtjenester, som kan bruge for fremvise alt fra produkt information til distributionskanaler via brochurer, bannere og andet \u00f8nsket markedsf\u00f8ringsmateriale baseret p\u00e5 din virksomheds visuelle identitet.<br \/>Ved brug af 3D-rendering kan du se din stand og layoutet f\u00f8r den bygges, her er der ikke langt fra id\u00e9 til produkt!  <\/p>\n<\/div><\/div>\n<\/div>\n\n<div class=\"et_pb_group_6 et_pb_group et-last-child et_pb_module et_grid_group et_pb_css_mix_blend_mode_passthrough\">\n<div class=\"et_pb_text_6 et_pb_text et_pb_bg_layout_light et_pb_module et_block_module preset--module--divi-text--default\"><div class=\"et_pb_text_inner\"><h2>MESSEBILLETTER<\/h2>\n<p>Vi tilbyder rabatkoder til messebilletter, s\u00e5 du kan deltage i udstillinger hos Messe Berlin og andre arrang\u00f8rer til en lavere pris. Sp\u00f8rg os om en rabatkode, og spar tid og penge p\u00e5 dit billetk\u00f8b. <\/p>\n<\/div><\/div>\n\n<div class=\"et_pb_image_5 et_pb_image et_pb_module et_flex_module\"><span class=\"et_pb_image_wrap\"><img loading=\"lazy\" decoding=\"async\" src=\"https:\/\/messuille.flexpressive.eu\/wp-content\/uploads\/book.png\" title=\"book\" width=\"188\" height=\"139\" sizes=\"(max-width: 188px) 100vw, 188px\" class=\"wp-image-25\" \/><\/span><\/div>\n<\/div>\n<\/div>\n<\/div>\n<\/div>","protected":false},"excerpt":{"rendered":"","protected":false},"author":1,"featured_media":0,"parent":0,"menu_order":0,"comment_status":"closed","ping_status":"closed","template":"","meta":{"_acf_changed":false,"footnotes":""},"class_list":["post-712","page","type-page","status-publish","hentry"],"acf":[],"_links":{"self":[{"href":"https:\/\/messuille.flexpressive.eu\/da\/wp-json\/wp\/v2\/pages\/712","targetHints":{"allow":["GET"]}}],"collection":[{"href":"https:\/\/messuille.flexpressive.eu\/da\/wp-json\/wp\/v2\/pages"}],"about":[{"href":"https:\/\/messuille.flexpressive.eu\/da\/wp-json\/wp\/v2\/types\/page"}],"author":[{"embeddable":true,"href":"https:\/\/messuille.flexpressive.eu\/da\/wp-json\/wp\/v2\/users\/1"}],"replies":[{"embeddable":true,"href":"https:\/\/messuille.flexpressive.eu\/da\/wp-json\/wp\/v2\/comments?post=712"}],"version-history":[{"count":2,"href":"https:\/\/messuille.flexpressive.eu\/da\/wp-json\/wp\/v2\/pages\/712\/revisions"}],"predecessor-version":[{"id":732,"href":"https:\/\/messuille.flexpressive.eu\/da\/wp-json\/wp\/v2\/pages\/712\/revisions\/732"}],"wp:attachment":[{"href":"https:\/\/messuille.flexpressive.eu\/da\/wp-json\/wp\/v2\/media?parent=712"}],"curies":[{"name":"wp","href":"https:\/\/api.w.org\/{rel}","templated":true}]}}