{"id":703,"date":"2026-02-24T15:41:11","date_gmt":"2026-02-24T15:41:11","guid":{"rendered":"https:\/\/messuille.flexpressive.eu\/messe-berlin-gmbh\/"},"modified":"2026-03-04T11:43:29","modified_gmt":"2026-03-04T11:43:29","slug":"messe-berlin-gmbh","status":"publish","type":"page","link":"https:\/\/messuille.flexpressive.eu\/da\/messe-berlin-gmbh\/","title":{"rendered":"Messe Berlin GMBH"},"content":{"rendered":"<div class=\"et_pb_section_0 et_pb_section et_section_regular et_block_section preset--module--divi-section--gid451zkip\">\n<div class=\"et_pb_row_0 et_pb_row et_flex_row preset--module--divi-row--gaq9lqeedo\">\n<div class=\"et_pb_column_0 et_pb_column et-last-child et_flex_column et_pb_css_mix_blend_mode_passthrough et_flex_column_24_24 et_flex_column_24_24_tablet et_flex_column_24_24_phone\">\n<div class=\"et_pb_text_0 et_pb_text et_pb_bg_layout_light et_pb_module et_block_module preset--module--divi-text--default\"><div class=\"et_pb_text_inner\"><h1>Messe Berlin GmbH<\/h1>\n<h2>International messe- og kongresarrang\u00f8r<a href=\"https:\/\/messuille.flexpressive.eu\/services\/\" target=\"_blank\" rel=\"noreferrer noopener\"><\/a><\/h2>\n<\/div><\/div>\n\n<div class=\"et_pb_image_0 et_pb_image et_pb_module et_flex_module\"><span class=\"et_pb_image_wrap\"><img loading=\"lazy\" decoding=\"async\" src=\"https:\/\/messuille.flexpressive.eu\/wp-content\/uploads\/messe-berlin.jpg\" title=\"InnoTrans 2018\" width=\"896\" height=\"410\" srcset=\"https:\/\/messuille.flexpressive.eu\/wp-content\/uploads\/messe-berlin.jpg 896w, https:\/\/messuille.flexpressive.eu\/wp-content\/uploads\/messe-berlin-480x220.jpg 480w\" sizes=\"(min-width: 0px) and (max-width: 480px) 480px, (min-width: 481px) 896px, 100vw\" class=\"wp-image-28\" \/><\/span><\/div>\n\n<div class=\"et_pb_text_1 et_pb_text et_pb_bg_layout_light et_pb_module et_block_module preset--module--divi-text--default\"><div class=\"et_pb_text_inner\"><h3>Over 200 \u00e5rs erfaring med at organisere internationale events<\/h3>\n<p>Messe Berlin har arrangeret internationale messer og kongresser siden 1822. Hvert \u00e5r organiserer de over 100 regionale, nationale og internationale arrangementer, herunder deres egne arrangementer og g\u00e6stearrangementer. Ud over f\u00f8rende internationale messer som ITB Berlin, InnoTrans og Fruit Logistica d\u00e6kker deres omfattende program en lang r\u00e6kke sektorer som f.eks. f\u00f8devarer, rejser, logistik, sundhedsteknologi og forbrugerelektronik. Messe Berlins portef\u00f8lje byder p\u00e5 mange h\u00f8jdepunkter i l\u00f8bet af \u00e5ret   <\/p>\n<h3>Officiel repr\u00e6sentant i Danmark \u2013 Support og information om Messe Berlin-arrangementer<\/h3>\n<p>Vi er stolte af at v\u00e6re den officielle repr\u00e6sentant for Messe Berlin i Danmark. Gennem os vil du modtage ekspertinformation og support fra Messe Berlin. Messe Berlin opererer i over 170 lande og har datterselskaber p\u00e5 strategiske markeder som Singapore (Messe Berlin Singapore Pte. Ltd.), Shanghai (Global Produce Events (Shanghai) Co. Ltd.) og Guangzhou (Berlin Exhibition Guangzhou Co. Ltd.). Takket v\u00e6re et omfattende netv\u00e6rk af repr\u00e6sentanter er Messe Berlin i stand til at tilbyde lokal ekspertise og support i hele verden.<\/p>\n<p>Vi er stolte af at repr\u00e6sentere Messe Berlin i Finland. Gennem os f\u00e5r udstillere og bes\u00f8gende personlig service og omfattende information om Messe Berlin-arrangementer, herunder messer og kongresser i Berlin. Vores repr\u00e6sentanter vil sikre, at din virksomhed f\u00e5r den st\u00f8tte, den har brug for, og drager fordel af Messe Berlins ressourcer og netv\u00e6rk p\u00e5 det internationale marked.  <\/p>\n<p><strong>L\u00e6s mere om Messe Berlins arrangementer og find mere information&nbsp;<a href=\"https:\/\/www.messe-berlin.de\/de\">her<\/a>.<\/strong><\/p>\n<h4><a href=\"https:\/\/messuille.flexpressive.eu\/services\/\">Messuille Oy serverer<\/a><\/h4>\n<p>Uanset om du er bes\u00f8gende eller udstiller hos Messe Berlin, vil vi hj\u00e6lpe dig og g\u00f8re din deltagelse s\u00e5 nem som muligt. Vi tilbyder omfattende r\u00e5dgivning om messeforhold uden omkostninger for dig. <\/p>\n<p>Sp\u00f8rg os om et uforpligtende tilbud p\u00e5 stande i Europa og Asien. Vi kan ogs\u00e5 give dig en rabatkode til messebilletter til udstillinger arrangeret af Messe Berlin GmbH.  <a href=\"https:\/\/messuille.flexpressive.eu\/services\/\" target=\"_blank\" rel=\"noreferrer noopener\">F\u00e5 mere at vide om vores brede udvalg af messetjenester.<\/a><\/p>\n<\/div><\/div>\n<\/div>\n<\/div>\n<\/div>","protected":false},"excerpt":{"rendered":"","protected":false},"author":1,"featured_media":0,"parent":0,"menu_order":0,"comment_status":"closed","ping_status":"closed","template":"","meta":{"_acf_changed":false,"footnotes":""},"class_list":["post-703","page","type-page","status-publish","hentry"],"acf":[],"_links":{"self":[{"href":"https:\/\/messuille.flexpressive.eu\/da\/wp-json\/wp\/v2\/pages\/703","targetHints":{"allow":["GET"]}}],"collection":[{"href":"https:\/\/messuille.flexpressive.eu\/da\/wp-json\/wp\/v2\/pages"}],"about":[{"href":"https:\/\/messuille.flexpressive.eu\/da\/wp-json\/wp\/v2\/types\/page"}],"author":[{"embeddable":true,"href":"https:\/\/messuille.flexpressive.eu\/da\/wp-json\/wp\/v2\/users\/1"}],"replies":[{"embeddable":true,"href":"https:\/\/messuille.flexpressive.eu\/da\/wp-json\/wp\/v2\/comments?post=703"}],"version-history":[{"count":1,"href":"https:\/\/messuille.flexpressive.eu\/da\/wp-json\/wp\/v2\/pages\/703\/revisions"}],"predecessor-version":[{"id":704,"href":"https:\/\/messuille.flexpressive.eu\/da\/wp-json\/wp\/v2\/pages\/703\/revisions\/704"}],"wp:attachment":[{"href":"https:\/\/messuille.flexpressive.eu\/da\/wp-json\/wp\/v2\/media?parent=703"}],"curies":[{"name":"wp","href":"https:\/\/api.w.org\/{rel}","templated":true}]}}