{"id":696,"date":"2026-02-25T00:21:28","date_gmt":"2026-02-25T00:21:28","guid":{"rendered":"https:\/\/messuille.flexpressive.eu\/medier\/"},"modified":"2026-03-04T11:41:01","modified_gmt":"2026-03-04T11:41:01","slug":"medier","status":"publish","type":"page","link":"https:\/\/messuille.flexpressive.eu\/da\/medier\/","title":{"rendered":"Medier"},"content":{"rendered":"<div class=\"et_pb_section_0 et_pb_section et_section_regular et_block_section preset--module--divi-section--gid451zkip\">\n<div class=\"et_pb_row_0 et_pb_row et_flex_row preset--module--divi-row--gaq9lqeedo\">\n<div class=\"et_pb_column_0 et_pb_column et-last-child et_flex_column et_pb_css_mix_blend_mode_passthrough et_flex_column_24_24 et_flex_column_24_24_tablet et_flex_column_24_24_phone\">\n<div class=\"et_pb_text_0 et_pb_text et_pb_bg_layout_light et_pb_module et_block_module preset--module--divi-text--default\"><div class=\"et_pb_text_inner\"><h1>Udforsk udstillingsstande og eventscener<\/h1>\n<p>Se vores fotobank med kreative messestrukturer og events!<\/p>\n<p>Billederne viser en bred vifte af vores udstillingsstande og skr\u00e6ddersyede implementeringer.<\/p>\n<p>Vi organiserer firmastande til b\u00e5de store og sm\u00e5 arrangementer. Se, hvordan ideer bliver til virkelighed, og find nemt inspiration til dit n\u00e6ste projekt ved at gennemse vores fotogalleri.<\/p>\n<p><strong>Se fotos for flere ideer til events og messer!<\/strong><\/p>\n<\/div><\/div>\n\n<div class=\"et_pb_gallery_0 et_pb_gallery et_pb_bg_layout_light et_pb_text_align_center et_pb_gallery_grid et_pb_module preset--module--divi-gallery--default\" data-auto-rotate=\"off\" data-auto-rotate-speed=\"\"><div class=\"et_pb_gallery_items et_post_gallery clearfix et_grid_module\" data-per_page=\"3\"><div class=\"et_pb_gallery_item et_pb_grid_item et_pb_gallery_item_0_0\"><div class=\"et_pb_gallery_image landscape\" data-per_page=\"3\"><a href=\"https:\/\/messuille.flexpressive.eu\/wp-content\/uploads\/CHN_4587-1-scaled-1.jpg\" title=\"CHN_4587-1-scaled\"><img loading=\"lazy\" decoding=\"async\" width=\"400\" height=\"284\" src=\"https:\/\/messuille.flexpressive.eu\/wp-content\/uploads\/CHN_4587-1-scaled-1-400x284.jpg\" alt=\"\" class=\"wp-image-88\" srcset=\"https:\/\/messuille.flexpressive.eu\/wp-content\/uploads\/CHN_4587-1-scaled-1.jpg 479w, https:\/\/messuille.flexpressive.eu\/wp-content\/uploads\/CHN_4587-1-scaled-1-400x284.jpg 480w\" sizes=\"(max-width:479px) 479px, 100vw\" \/><span class=\"et_overlay\" data-icon=\"\" data-icon-tablet=\"\" data-icon-phone=\"\"><\/span><\/a><\/div><h3 class=\"et_pb_gallery_title\">CHN_4587-1-scaled<\/h3><p class=\"et_pb_gallery_caption\">ITB Asia 2023 &#8211; Finland stand<\/p><\/div><div class=\"et_pb_gallery_item et_pb_grid_item et_pb_gallery_item_0_1\"><div class=\"et_pb_gallery_image landscape\" data-per_page=\"3\"><a href=\"https:\/\/messuille.flexpressive.eu\/wp-content\/uploads\/IMG-20240523-WA0006.jpg\" title=\"IMG-20240523-WA0006\"><img loading=\"lazy\" decoding=\"async\" width=\"400\" height=\"284\" src=\"https:\/\/messuille.flexpressive.eu\/wp-content\/uploads\/IMG-20240523-WA0006-400x284.jpg\" alt=\"\" class=\"wp-image-73\" srcset=\"https:\/\/messuille.flexpressive.eu\/wp-content\/uploads\/IMG-20240523-WA0006.jpg 479w, https:\/\/messuille.flexpressive.eu\/wp-content\/uploads\/IMG-20240523-WA0006-400x284.jpg 480w\" sizes=\"(max-width:479px) 479px, 100vw\" \/><span class=\"et_overlay\" data-icon=\"\" data-icon-tablet=\"\" data-icon-phone=\"\"><\/span><\/a><\/div><h3 class=\"et_pb_gallery_title\">IMG-20240523-WA0006<\/h3><p class=\"et_pb_gallery_caption\">Breakbulk 2024 &#8211; Olmar stand<\/p><\/div><div class=\"et_pb_gallery_item et_pb_grid_item et_pb_gallery_item_0_2\"><div class=\"et_pb_gallery_image landscape\" data-per_page=\"3\"><a href=\"https:\/\/messuille.flexpressive.eu\/wp-content\/uploads\/KWH-osasto-scaled-1.jpg\" title=\"KWH-osasto-scaled\"><img loading=\"lazy\" decoding=\"async\" width=\"400\" height=\"284\" src=\"https:\/\/messuille.flexpressive.eu\/wp-content\/uploads\/KWH-osasto-scaled-1-400x284.jpg\" alt=\"\" class=\"wp-image-74\" srcset=\"https:\/\/messuille.flexpressive.eu\/wp-content\/uploads\/KWH-osasto-scaled-1.jpg 479w, https:\/\/messuille.flexpressive.eu\/wp-content\/uploads\/KWH-osasto-scaled-1-400x284.jpg 480w\" sizes=\"(max-width:479px) 479px, 100vw\" \/><span class=\"et_overlay\" data-icon=\"\" data-icon-tablet=\"\" data-icon-phone=\"\"><\/span><\/a><\/div><h3 class=\"et_pb_gallery_title\">KWH-osasto-scaled<\/h3><p class=\"et_pb_gallery_caption\">Transport Logistic 2023 &#8211; Finland stand<\/p><\/div><div class=\"et_pb_gallery_item et_pb_grid_item et_pb_gallery_item_0_3\"><div class=\"et_pb_gallery_image landscape\" data-per_page=\"3\"><a href=\"https:\/\/messuille.flexpressive.eu\/wp-content\/uploads\/WhatsApp-Image-2024-10-23-at-09.04.02-scaled-1.jpeg\" title=\"WhatsApp-Image-2024-10-23-at-09.04.02-scaled\"><img loading=\"lazy\" decoding=\"async\" width=\"400\" height=\"284\" src=\"https:\/\/messuille.flexpressive.eu\/wp-content\/uploads\/WhatsApp-Image-2024-10-23-at-09.04.02-scaled-1-400x284.jpeg\" alt=\"\" class=\"wp-image-72\" srcset=\"https:\/\/messuille.flexpressive.eu\/wp-content\/uploads\/WhatsApp-Image-2024-10-23-at-09.04.02-scaled-1.jpeg 479w, https:\/\/messuille.flexpressive.eu\/wp-content\/uploads\/WhatsApp-Image-2024-10-23-at-09.04.02-scaled-1-400x284.jpeg 480w\" sizes=\"(max-width:479px) 479px, 100vw\" \/><span class=\"et_overlay\" data-icon=\"\" data-icon-tablet=\"\" data-icon-phone=\"\"><\/span><\/a><\/div><h3 class=\"et_pb_gallery_title\">WhatsApp-Image-2024-10-23-at-09.04.02-scaled<\/h3><p class=\"et_pb_gallery_caption\">ITB Asia 2024 &#8211; Iceland stand<\/p><\/div><div class=\"et_pb_gallery_item et_pb_grid_item et_pb_gallery_item_0_4\"><div class=\"et_pb_gallery_image landscape\" data-per_page=\"3\"><a href=\"https:\/\/messuille.flexpressive.eu\/wp-content\/uploads\/HSM27695-scaled-1.jpg\" title=\"DMEA 2024\"><img loading=\"lazy\" decoding=\"async\" width=\"400\" height=\"284\" src=\"https:\/\/messuille.flexpressive.eu\/wp-content\/uploads\/HSM27695-scaled-1-400x284.jpg\" alt=\"\" class=\"wp-image-71\" srcset=\"https:\/\/messuille.flexpressive.eu\/wp-content\/uploads\/HSM27695-scaled-1.jpg 479w, https:\/\/messuille.flexpressive.eu\/wp-content\/uploads\/HSM27695-scaled-1-400x284.jpg 480w\" sizes=\"(max-width:479px) 479px, 100vw\" \/><span class=\"et_overlay\" data-icon=\"\" data-icon-tablet=\"\" data-icon-phone=\"\"><\/span><\/a><\/div><h3 class=\"et_pb_gallery_title\">DMEA 2024<\/h3><p class=\"et_pb_gallery_caption\">DMEA 2024 &#8211; Finland stand<\/p><\/div><div class=\"et_pb_gallery_item et_pb_grid_item et_pb_gallery_item_0_5\"><div class=\"et_pb_gallery_image landscape\" data-per_page=\"3\"><a href=\"https:\/\/messuille.flexpressive.eu\/wp-content\/uploads\/dase.jpg\" title=\"dase\"><img loading=\"lazy\" decoding=\"async\" width=\"400\" height=\"284\" src=\"https:\/\/messuille.flexpressive.eu\/wp-content\/uploads\/dase-400x284.jpg\" alt=\"\" class=\"wp-image-65\" srcset=\"https:\/\/messuille.flexpressive.eu\/wp-content\/uploads\/dase.jpg 479w, https:\/\/messuille.flexpressive.eu\/wp-content\/uploads\/dase-400x284.jpg 480w\" sizes=\"(max-width:479px) 479px, 100vw\" \/><span class=\"et_overlay\" data-icon=\"\" data-icon-tablet=\"\" data-icon-phone=\"\"><\/span><\/a><\/div><h3 class=\"et_pb_gallery_title\">dase<\/h3><p class=\"et_pb_gallery_caption\">DMEA 2023 &#8211; Mehil\u00e4inen stand<\/p><\/div><div class=\"et_pb_gallery_item et_pb_grid_item et_pb_gallery_item_0_6\"><div class=\"et_pb_gallery_image landscape\" data-per_page=\"3\"><a href=\"https:\/\/messuille.flexpressive.eu\/wp-content\/uploads\/KWH-kuva-2023.jpg\" title=\"KWH-kuva-2023\"><img loading=\"lazy\" decoding=\"async\" width=\"400\" height=\"284\" src=\"https:\/\/messuille.flexpressive.eu\/wp-content\/uploads\/KWH-kuva-2023-400x284.jpg\" alt=\"\" class=\"wp-image-66\" srcset=\"https:\/\/messuille.flexpressive.eu\/wp-content\/uploads\/KWH-kuva-2023.jpg 479w, https:\/\/messuille.flexpressive.eu\/wp-content\/uploads\/KWH-kuva-2023-400x284.jpg 480w\" sizes=\"(max-width:479px) 479px, 100vw\" \/><span class=\"et_overlay\" data-icon=\"\" data-icon-tablet=\"\" data-icon-phone=\"\"><\/span><\/a><\/div><h3 class=\"et_pb_gallery_title\">KWH-kuva-2023<\/h3><p class=\"et_pb_gallery_caption\">Breakbulk 2024 &#8211; Finland stand<\/p><\/div><div class=\"et_pb_gallery_item et_pb_grid_item et_pb_gallery_item_0_7\"><div class=\"et_pb_gallery_image landscape\" data-per_page=\"3\"><a href=\"https:\/\/messuille.flexpressive.eu\/wp-content\/uploads\/Fin-oikea-etunurkka-scaled-1.jpg\" title=\"Fin-oikea-etunurkka-scaled\"><img loading=\"lazy\" decoding=\"async\" width=\"400\" height=\"284\" src=\"https:\/\/messuille.flexpressive.eu\/wp-content\/uploads\/Fin-oikea-etunurkka-scaled-1-400x284.jpg\" alt=\"\" class=\"wp-image-67\" srcset=\"https:\/\/messuille.flexpressive.eu\/wp-content\/uploads\/Fin-oikea-etunurkka-scaled-1.jpg 479w, https:\/\/messuille.flexpressive.eu\/wp-content\/uploads\/Fin-oikea-etunurkka-scaled-1-400x284.jpg 480w\" sizes=\"(max-width:479px) 479px, 100vw\" \/><span class=\"et_overlay\" data-icon=\"\" data-icon-tablet=\"\" data-icon-phone=\"\"><\/span><\/a><\/div><h3 class=\"et_pb_gallery_title\">Fin-oikea-etunurkka-scaled<\/h3><p class=\"et_pb_gallery_caption\">Transport Logistic 2023 &#8211; Finland stand<\/p><\/div><div class=\"et_pb_gallery_item et_pb_grid_item et_pb_gallery_item_0_8\"><div class=\"et_pb_gallery_image landscape\" data-per_page=\"3\"><a href=\"https:\/\/messuille.flexpressive.eu\/wp-content\/uploads\/WhatsApp-Image-2024-10-23-at-09.04.04-scaled-1.jpeg\" title=\"WhatsApp-Image-2024-10-23-at-09.04.04-scaled\"><img loading=\"lazy\" decoding=\"async\" width=\"400\" height=\"284\" src=\"https:\/\/messuille.flexpressive.eu\/wp-content\/uploads\/WhatsApp-Image-2024-10-23-at-09.04.04-scaled-1-400x284.jpeg\" alt=\"\" class=\"wp-image-64\" srcset=\"https:\/\/messuille.flexpressive.eu\/wp-content\/uploads\/WhatsApp-Image-2024-10-23-at-09.04.04-scaled-1.jpeg 479w, https:\/\/messuille.flexpressive.eu\/wp-content\/uploads\/WhatsApp-Image-2024-10-23-at-09.04.04-scaled-1-400x284.jpeg 480w\" sizes=\"(max-width:479px) 479px, 100vw\" \/><span class=\"et_overlay\" data-icon=\"\" data-icon-tablet=\"\" data-icon-phone=\"\"><\/span><\/a><\/div><h3 class=\"et_pb_gallery_title\">WhatsApp-Image-2024-10-23-at-09.04.04-scaled<\/h3><p class=\"et_pb_gallery_caption\">ITB Asia 2024 &#8211; Rovaniemi stand<\/p><\/div><div class=\"et_pb_gallery_item et_pb_grid_item et_pb_gallery_item_0_9\"><div class=\"et_pb_gallery_image landscape\" data-per_page=\"3\"><a href=\"https:\/\/messuille.flexpressive.eu\/wp-content\/uploads\/Port-of-Kokkola.jpg\" title=\"Port-of-Kokkola\"><img loading=\"lazy\" decoding=\"async\" width=\"400\" height=\"284\" src=\"https:\/\/messuille.flexpressive.eu\/wp-content\/uploads\/Port-of-Kokkola-400x284.jpg\" alt=\"\" class=\"wp-image-63\" srcset=\"https:\/\/messuille.flexpressive.eu\/wp-content\/uploads\/Port-of-Kokkola.jpg 479w, https:\/\/messuille.flexpressive.eu\/wp-content\/uploads\/Port-of-Kokkola-400x284.jpg 480w\" sizes=\"(max-width:479px) 479px, 100vw\" \/><span class=\"et_overlay\" data-icon=\"\" data-icon-tablet=\"\" data-icon-phone=\"\"><\/span><\/a><\/div><h3 class=\"et_pb_gallery_title\">Port-of-Kokkola<\/h3><p class=\"et_pb_gallery_caption\">AntwerpXL &#8211; 2024 Port of Kokkola stand<\/p><\/div><div class=\"et_pb_gallery_item et_pb_grid_item et_pb_gallery_item_0_10\"><div class=\"et_pb_gallery_image landscape\" data-per_page=\"3\"><a href=\"https:\/\/messuille.flexpressive.eu\/wp-content\/uploads\/CHN_4588-1-scaled-1.jpg\" title=\"CHN_4588-1-scaled\"><img loading=\"lazy\" decoding=\"async\" width=\"400\" height=\"284\" src=\"https:\/\/messuille.flexpressive.eu\/wp-content\/uploads\/CHN_4588-1-scaled-1-400x284.jpg\" alt=\"\" class=\"wp-image-62\" srcset=\"https:\/\/messuille.flexpressive.eu\/wp-content\/uploads\/CHN_4588-1-scaled-1.jpg 479w, https:\/\/messuille.flexpressive.eu\/wp-content\/uploads\/CHN_4588-1-scaled-1-400x284.jpg 480w\" sizes=\"(max-width:479px) 479px, 100vw\" \/><span class=\"et_overlay\" data-icon=\"\" data-icon-tablet=\"\" data-icon-phone=\"\"><\/span><\/a><\/div><h3 class=\"et_pb_gallery_title\">CHN_4588-1-scaled<\/h3><p class=\"et_pb_gallery_caption\">ITB Asia 2023 &#8211; Visit Finland stand<\/p><\/div><div class=\"et_pb_gallery_item et_pb_grid_item et_pb_gallery_item_0_11\"><div class=\"et_pb_gallery_image landscape\" data-per_page=\"3\"><a href=\"https:\/\/messuille.flexpressive.eu\/wp-content\/uploads\/A7400336-scaled-1.jpg\" title=\"A7400336-scaled\"><img loading=\"lazy\" decoding=\"async\" width=\"400\" height=\"284\" src=\"https:\/\/messuille.flexpressive.eu\/wp-content\/uploads\/A7400336-scaled-1-400x284.jpg\" alt=\"\" class=\"wp-image-60\" srcset=\"https:\/\/messuille.flexpressive.eu\/wp-content\/uploads\/A7400336-scaled-1.jpg 479w, https:\/\/messuille.flexpressive.eu\/wp-content\/uploads\/A7400336-scaled-1-400x284.jpg 480w\" sizes=\"(max-width:479px) 479px, 100vw\" \/><span class=\"et_overlay\" data-icon=\"\" data-icon-tablet=\"\" data-icon-phone=\"\"><\/span><\/a><\/div><h3 class=\"et_pb_gallery_title\">A7400336-scaled<\/h3><p class=\"et_pb_gallery_caption\">Innotrans 2024 &#8211; Finland stand<\/p><\/div><div class=\"et_pb_gallery_item et_pb_grid_item et_pb_gallery_item_0_12\"><div class=\"et_pb_gallery_image landscape\" data-per_page=\"3\"><a href=\"https:\/\/messuille.flexpressive.eu\/wp-content\/uploads\/20240604_173211-scaled-1.jpg\" title=\"20240604_173211-scaled\"><img loading=\"lazy\" decoding=\"async\" width=\"400\" height=\"284\" src=\"https:\/\/messuille.flexpressive.eu\/wp-content\/uploads\/20240604_173211-scaled-1-400x284.jpg\" alt=\"\" class=\"wp-image-59\" srcset=\"https:\/\/messuille.flexpressive.eu\/wp-content\/uploads\/20240604_173211-scaled-1.jpg 479w, https:\/\/messuille.flexpressive.eu\/wp-content\/uploads\/20240604_173211-scaled-1-400x284.jpg 480w\" sizes=\"(max-width:479px) 479px, 100vw\" \/><span class=\"et_overlay\" data-icon=\"\" data-icon-tablet=\"\" data-icon-phone=\"\"><\/span><\/a><\/div><h3 class=\"et_pb_gallery_title\">20240604_173211-scaled<\/h3><p class=\"et_pb_gallery_caption\">ILA 2024 &#8211; Finland stand<\/p><\/div><div class=\"et_pb_gallery_item et_pb_grid_item et_pb_gallery_item_0_13\"><div class=\"et_pb_gallery_image landscape\" data-per_page=\"3\"><a href=\"https:\/\/messuille.flexpressive.eu\/wp-content\/uploads\/WhatsApp-Image-2024-10-23-at-09.04.01-scaled-1.jpeg\" title=\"WhatsApp-Image-2024-10-23-at-09.04.01-scaled\"><img loading=\"lazy\" decoding=\"async\" width=\"400\" height=\"284\" src=\"https:\/\/messuille.flexpressive.eu\/wp-content\/uploads\/WhatsApp-Image-2024-10-23-at-09.04.01-scaled-1-400x284.jpeg\" alt=\"\" class=\"wp-image-58\" srcset=\"https:\/\/messuille.flexpressive.eu\/wp-content\/uploads\/WhatsApp-Image-2024-10-23-at-09.04.01-scaled-1.jpeg 479w, https:\/\/messuille.flexpressive.eu\/wp-content\/uploads\/WhatsApp-Image-2024-10-23-at-09.04.01-scaled-1-400x284.jpeg 480w\" sizes=\"(max-width:479px) 479px, 100vw\" \/><span class=\"et_overlay\" data-icon=\"\" data-icon-tablet=\"\" data-icon-phone=\"\"><\/span><\/a><\/div><h3 class=\"et_pb_gallery_title\">WhatsApp-Image-2024-10-23-at-09.04.01-scaled<\/h3><p class=\"et_pb_gallery_caption\">ITB Asia 2024 &#8211; Norway stand<\/p><\/div><div class=\"et_pb_gallery_item et_pb_grid_item et_pb_gallery_item_0_14\"><div class=\"et_pb_gallery_image landscape\" data-per_page=\"3\"><a href=\"https:\/\/messuille.flexpressive.eu\/wp-content\/uploads\/A7400323-scaled-1.jpg\" title=\"A7400323-scaled\"><img loading=\"lazy\" decoding=\"async\" width=\"400\" height=\"284\" src=\"https:\/\/messuille.flexpressive.eu\/wp-content\/uploads\/A7400323-scaled-1-400x284.jpg\" alt=\"\" class=\"wp-image-57\" srcset=\"https:\/\/messuille.flexpressive.eu\/wp-content\/uploads\/A7400323-scaled-1.jpg 479w, https:\/\/messuille.flexpressive.eu\/wp-content\/uploads\/A7400323-scaled-1-400x284.jpg 480w\" sizes=\"(max-width:479px) 479px, 100vw\" \/><span class=\"et_overlay\" data-icon=\"\" data-icon-tablet=\"\" data-icon-phone=\"\"><\/span><\/a><\/div><h3 class=\"et_pb_gallery_title\">A7400323-scaled<\/h3><p class=\"et_pb_gallery_caption\">Innotrans 2024 &#8211; Finland stand<\/p><\/div><\/div><div class=\"et_pb_gallery_pagination\"><\/div><\/div>\n<\/div>\n<\/div>\n<\/div>","protected":false},"excerpt":{"rendered":"","protected":false},"author":1,"featured_media":0,"parent":0,"menu_order":0,"comment_status":"closed","ping_status":"closed","template":"","meta":{"_acf_changed":false,"footnotes":""},"class_list":["post-696","page","type-page","status-publish","hentry"],"acf":[],"_links":{"self":[{"href":"https:\/\/messuille.flexpressive.eu\/da\/wp-json\/wp\/v2\/pages\/696","targetHints":{"allow":["GET"]}}],"collection":[{"href":"https:\/\/messuille.flexpressive.eu\/da\/wp-json\/wp\/v2\/pages"}],"about":[{"href":"https:\/\/messuille.flexpressive.eu\/da\/wp-json\/wp\/v2\/types\/page"}],"author":[{"embeddable":true,"href":"https:\/\/messuille.flexpressive.eu\/da\/wp-json\/wp\/v2\/users\/1"}],"replies":[{"embeddable":true,"href":"https:\/\/messuille.flexpressive.eu\/da\/wp-json\/wp\/v2\/comments?post=696"}],"version-history":[{"count":2,"href":"https:\/\/messuille.flexpressive.eu\/da\/wp-json\/wp\/v2\/pages\/696\/revisions"}],"predecessor-version":[{"id":698,"href":"https:\/\/messuille.flexpressive.eu\/da\/wp-json\/wp\/v2\/pages\/696\/revisions\/698"}],"wp:attachment":[{"href":"https:\/\/messuille.flexpressive.eu\/da\/wp-json\/wp\/v2\/media?parent=696"}],"curies":[{"name":"wp","href":"https:\/\/api.w.org\/{rel}","templated":true}]}}