{"id":690,"date":"2026-02-27T11:12:36","date_gmt":"2026-02-27T11:12:36","guid":{"rendered":"https:\/\/messuille.flexpressive.eu\/begivenheder\/"},"modified":"2026-03-04T11:39:34","modified_gmt":"2026-03-04T11:39:34","slug":"begivenheder","status":"publish","type":"page","link":"https:\/\/messuille.flexpressive.eu\/da\/begivenheder\/","title":{"rendered":"Begivenheder"},"content":{"rendered":"<div class=\"et_pb_section_0 et_pb_section et_section_regular et_flex_section preset--module--divi-section--gid451zkip\">\n<div class=\"et_pb_row_0 et_pb_row et_flex_row preset--module--divi-row--gaq9lqeedo\">\n<div class=\"et_pb_column_0 et_pb_column et-last-child et_flex_column et_pb_css_mix_blend_mode_passthrough et_flex_column_24_24 et_flex_column_24_24_tablet et_flex_column_24_24_phone\">\n<div class=\"et_pb_cta_0 et_pb_promo et_pb_bg_layout_dark et_pb_module et_flex_module preset--group--divi-cta--divi-button--default\"><div class=\"et_pb_promo_description\"><h2 class=\"et_pb_module_header\">Find ud af mere om messen<\/h2><div class=\"et_pb_promo_content\"><p>\u2013 Find v\u00e6kst og kontakter i hele verden<\/p>\n<\/div><\/div><\/div>\n\n<div class=\"et_pb_text_0 et_pb_text et_pb_bg_layout_light et_pb_module et_block_module preset--module--divi-text--default\"><div class=\"et_pb_text_inner\"><p>Internationale messer i Europa og Asien giver virksomheder en unik mulighed for at styrke deres brand, skabe netv\u00e6rk og finde nye forretningspartnere p\u00e5 v\u00e6kstmarkeder. De st\u00f8rste messer i Europa og Asien er vigtige m\u00f8desteder for virksomheder, der s\u00f8ger st\u00f8rre synlighed og nye kontakter.<br \/>Messuille Oy hj\u00e6lper virksomheder med at deltage i disse store begivenheder ved at designe og implementere skr\u00e6ddersyede stande p\u00e5 destinationer som Berlin, Singapore og Rotterdam. Vi er her for at hj\u00e6lpe din virksomhed med at f\u00e5 mest ud af de muligheder, som messerne tilbyder \u2013 et skridt i retning af international v\u00e6kst.  <\/p>\n<h2>Messer i Europa \u2013 Styrk din virksomheds synlighed p\u00e5 det europ\u00e6iske marked<\/h2>\n<p>Messer i Europa giver dig som virksomhed mulighed for at styrke dit brand, networke med mulige nye samarbejdspartnere mens du plejer eksisterende. Uanset om du har som m\u00e5l, at tr\u00e6nge igennem p\u00e5 nye markeder, f\u00e5 nye kunder eller partnere er disse stedet at v\u00e6re.<br \/>Skab v\u00e6rdifulde nye forbindelser i styrk din virksomheds internationale synglighed. <\/p>\n<p>Messuille Oy organiserer stande i f\u00f8rende europ\u00e6iske byer som Berlin, Antwerpen og Rotterdam. Vores erfaring og lokalkendskab garanterer en gnidningsfri deltagelse og et vellykket arrangement. <\/p>\n<p>Se mere omkring <strong>messer i Europa<\/strong> <a href=\"https:\/\/messuille.flexpressive.eu\/events\/trade-fairs-in-europe\/\">her<\/a>, eller l\u00e6s mere om de tjenester, vi tilbyder, <a href=\"https:\/\/messuille.flexpressive.eu\/services\/\">p\u00e5 vores serviceside<\/a>.<\/p>\n<h2>Messer i Asien \u2013 F\u00e5 din virksomhed til at vokse p\u00e5 internationale markeder<\/h2>\n<p>Den asiatiske messe giver virksomheder en unik mulighed for at udvide deres aktiviteter, skabe nye forretningsforbindelser og netv\u00e6rk p\u00e5 store v\u00e6kstmarkeder. Uanset om du er p\u00e5 udkig efter partnere, distribut\u00f8rer eller kunder, er Asia Expo en port til nye markeder og kontakter. <\/p>\n<p>Messuille Oy har stor erfarenhed med udstillingsstande i hele Asien og vi st\u00e5et for sublime stande i bl.a. Singapore og Kina. Med fokus p\u00e5 din virksomhed, form\u00e5r vi at skabe en vellykket messe. <\/p>\n<p><strong>Find ud af mere og tjek messerne ud<\/strong> <a href=\"https:\/\/messuille.flexpressive.eu\/events\/trade-fairs-in-asia\/\">her<\/a>, eller l\u00e6s mere om de tjenester, vi tilbyder, <a href=\"https:\/\/messuille.flexpressive.eu\/services\/\">p\u00e5 vores serviceside<\/a>.<\/p>\n<\/div><\/div>\n<\/div>\n<\/div>\n<\/div>","protected":false},"excerpt":{"rendered":"","protected":false},"author":1,"featured_media":0,"parent":0,"menu_order":0,"comment_status":"closed","ping_status":"closed","template":"","meta":{"_acf_changed":false,"footnotes":""},"class_list":["post-690","page","type-page","status-publish","hentry"],"acf":[],"_links":{"self":[{"href":"https:\/\/messuille.flexpressive.eu\/da\/wp-json\/wp\/v2\/pages\/690","targetHints":{"allow":["GET"]}}],"collection":[{"href":"https:\/\/messuille.flexpressive.eu\/da\/wp-json\/wp\/v2\/pages"}],"about":[{"href":"https:\/\/messuille.flexpressive.eu\/da\/wp-json\/wp\/v2\/types\/page"}],"author":[{"embeddable":true,"href":"https:\/\/messuille.flexpressive.eu\/da\/wp-json\/wp\/v2\/users\/1"}],"replies":[{"embeddable":true,"href":"https:\/\/messuille.flexpressive.eu\/da\/wp-json\/wp\/v2\/comments?post=690"}],"version-history":[{"count":2,"href":"https:\/\/messuille.flexpressive.eu\/da\/wp-json\/wp\/v2\/pages\/690\/revisions"}],"predecessor-version":[{"id":692,"href":"https:\/\/messuille.flexpressive.eu\/da\/wp-json\/wp\/v2\/pages\/690\/revisions\/692"}],"wp:attachment":[{"href":"https:\/\/messuille.flexpressive.eu\/da\/wp-json\/wp\/v2\/media?parent=690"}],"curies":[{"name":"wp","href":"https:\/\/api.w.org\/{rel}","templated":true}]}}