{"id":686,"date":"2026-02-26T11:46:30","date_gmt":"2026-02-26T11:46:30","guid":{"rendered":"https:\/\/messuille.flexpressive.eu\/kontakt\/"},"modified":"2026-03-04T13:56:06","modified_gmt":"2026-03-04T13:56:06","slug":"kontakt","status":"publish","type":"page","link":"https:\/\/messuille.flexpressive.eu\/da\/kontakt\/","title":{"rendered":"Kontakt"},"content":{"rendered":"<div class=\"et_pb_section_0 et_pb_section et_section_regular et_flex_section preset--module--divi-section--gid451zkip\">\n<div class=\"et_pb_row_0 et_pb_row et_flex_row preset--module--divi-row--gaq9lqeedo\">\n<div class=\"et_pb_column_0 et_pb_column et-last-child et_flex_column et_pb_css_mix_blend_mode_passthrough et_flex_column_24_24 et_flex_column_24_24_tablet et_flex_column_24_24_phone\">\n<div class=\"et_pb_row_1 et_pb_row et_pb_row_nested et_flex_row\">\n<div class=\"et_pb_column_1 et_pb_column et-last-child et_flex_column et_pb_css_mix_blend_mode_passthrough et_flex_column_24_24 et_flex_column_24_24_tablet et_flex_column_24_24_phone\">\n<div class=\"et_pb_text_0 et_pb_text et_pb_bg_layout_light et_pb_module et_block_module preset--module--divi-text--default\"><div class=\"et_pb_text_inner\"><p>Vi hj\u00e6lper dig med alle sp\u00f8rgsm\u00e5l relateret til messen.<\/p>\n<\/div><\/div>\n\n<div class=\"et_pb_text_1 et_pb_text et_pb_bg_layout_light et_pb_module et_block_module preset--module--divi-text--default\"><div class=\"et_pb_text_inner\"><h1>Kontakt<\/h1>\n<\/div><\/div>\n\n<div class=\"et_pb_divider_0 et_pb_divider et_pb_space et_pb_divider_position_top et_pb_module\"><div class=\"et_pb_divider_internal\"><\/div><\/div>\n\n<div class=\"et_pb_divider_1 et_pb_divider et_pb_space et_pb_divider_position_top et_pb_module\"><div class=\"et_pb_divider_internal\"><\/div><\/div>\n\n<div class=\"et_pb_text_2 et_pb_text et_pb_bg_layout_light et_pb_module et_block_module preset--module--divi-text--default\"><div class=\"et_pb_text_inner\"><p>Generelle foresp\u00f8rgsler og information om bes\u00f8gendes billetter @messuille.fi<\/p>\n<\/div><\/div>\n<\/div>\n<\/div>\n\n<div class=\"et_pb_group_0 et_pb_group et_pb_module et_grid_group et_pb_css_mix_blend_mode_passthrough\"><div class=\"et_pb_group_1 et_pb_group et_pb_module et_flex_group et_pb_css_mix_blend_mode_passthrough\" data-loop-item=\"0\">\n<div class=\"et_pb_blurb_0 et_pb_blurb et_pb_bg_layout_light et_pb_text_align_center et_pb_blurb_position_top et_pb_module et_flex_module preset--module--divi-blurb--aclco16mbr\"><div class=\"et_pb_blurb_content et_flex_module\"><div class=\"et_pb_main_blurb_image\"><span class=\"et_pb_image_wrap et_pb_only_image_mode_wrap\"><img loading=\"lazy\" decoding=\"async\" src=\"https:\/\/messuille.flexpressive.eu\/wp-content\/uploads\/Mikko-Nummi.jpg\" width=\"640\" height=\"800\" srcset=\"https:\/\/messuille.flexpressive.eu\/wp-content\/uploads\/Mikko-Nummi.jpg 640w, https:\/\/messuille.flexpressive.eu\/wp-content\/uploads\/Mikko-Nummi-480x600.jpg 480w\" sizes=\"(min-width: 0px) and (max-width: 480px) 480px, (min-width: 481px) 640px, 100vw\" class=\"et-waypoint et_pb_animation_top et_pb_animation_top_tablet et_pb_animation_top_phone wp-image-137\" title=\"taattola2-2\" \/><\/span><\/div><div class=\"et_pb_blurb_container\"><h4 class=\"et_pb_module_header\">Mikko Nummi<\/h4><div class=\"et_pb_blurb_description\"><p>+358 50 3570112<\/p>\n<\/div><\/div><\/div><\/div>\n\n<div class=\"et_pb_group_2 et_pb_group et_pb_module et_flex_group et_pb_css_mix_blend_mode_passthrough\">\n<div class=\"et_pb_code_0 et_pb_code et_pb_module\"><div class=\"et_pb_code_inner\"><span class=\"fi fi-fi\"><\/span><\/div><\/div>\n\n<div class=\"et_pb_code_1 et_pb_code et_pb_module\"><div class=\"et_pb_code_inner\"><span class=\"fi fi-se\"><\/span><\/div><\/div>\n\n<div class=\"et_pb_code_2 et_pb_code et_pb_module\"><div class=\"et_pb_code_inner\"><span class=\"fi fi-gb\"><\/span><\/div><\/div>\n\n<div class=\"et_pb_code_3 et_pb_code et_pb_module\"><\/div>\n\n<div class=\"et_pb_code_4 et_pb_code et_pb_module\"><\/div>\n<\/div>\n\n<ul class=\"et_pb_social_media_follow_0 et_pb_social_media_follow et_pb_bg_layout_light et_pb_module et_flex_module preset--group--divi-social-media-follow--divi-button--default\">\n<li class=\"et_pb_social_media_follow_network_0 et_pb_social_media_follow_network et_pb_social_icon et_pb_social_network_link et-social-linkedin et_pb_module et_flex_module preset--group--divi-social-media-follow-network--divi-button--default\"><a href=\"https:\/\/www.linkedin.com\/in\/mikko-nummi-975a61164\/\" class=\"icon\" target=\"_blank\" title=\"F\u00f8lg p\u00e5 LinkedIn\" rel=\"noopener\"><span class=\"et_pb_social_media_follow_network_name\">F\u00f8lg<\/span><\/a><\/li>\n<\/ul>\n<\/div><div class=\"et_pb_group_3 et_pb_group et_pb_module et_flex_group et_pb_css_mix_blend_mode_passthrough\" data-loop-item=\"1\">\n<div class=\"et_pb_blurb_1 et_pb_blurb et_pb_bg_layout_light et_pb_text_align_center et_pb_blurb_position_top et_pb_module et_flex_module preset--module--divi-blurb--aclco16mbr\"><div class=\"et_pb_blurb_content et_flex_module\"><div class=\"et_pb_main_blurb_image\"><span class=\"et_pb_image_wrap et_pb_only_image_mode_wrap\"><img loading=\"lazy\" decoding=\"async\" src=\"https:\/\/messuille.flexpressive.eu\/wp-content\/uploads\/taattola2-2.jpg\" width=\"640\" height=\"800\" sizes=\"(min-width: 0px) and (max-width: 480px) 480px, (min-width: 481px) 1536px, 100vw\" class=\"et-waypoint et_pb_animation_top et_pb_animation_top_tablet et_pb_animation_top_phone wp-image-137\" title=\"taattola2-2\" \/><\/span><\/div><div class=\"et_pb_blurb_container\"><h4 class=\"et_pb_module_header\">Saija Taattola<\/h4><div class=\"et_pb_blurb_description\"><p>+358 45 216 3590<\/p>\n<\/div><\/div><\/div><\/div>\n\n<div class=\"et_pb_group_4 et_pb_group et_pb_module et_flex_group et_pb_css_mix_blend_mode_passthrough\">\n<div class=\"et_pb_code_5 et_pb_code et_pb_module\"><div class=\"et_pb_code_inner\"><span class=\"fi fi-fi\"><\/span><\/div><\/div>\n\n<div class=\"et_pb_code_6 et_pb_code et_pb_module\"><\/div>\n\n<div class=\"et_pb_code_7 et_pb_code et_pb_module\"><div class=\"et_pb_code_inner\"><span class=\"fi fi-gb\"><\/span><\/div><\/div>\n\n<div class=\"et_pb_code_8 et_pb_code et_pb_module\"><\/div>\n\n<div class=\"et_pb_code_9 et_pb_code et_pb_module\"><\/div>\n<\/div>\n\n<ul class=\"et_pb_social_media_follow_1 et_pb_social_media_follow et_pb_bg_layout_light et_pb_module et_flex_module preset--group--divi-social-media-follow--divi-button--default\">\n<li class=\"et_pb_social_media_follow_network_1 et_pb_social_media_follow_network et_pb_social_icon et_pb_social_network_link et-social-linkedin et_pb_module et_flex_module preset--group--divi-social-media-follow-network--divi-button--default\"><a href=\"https:\/\/www.linkedin.com\/in\/saija-taattola-3a296523a\/\" class=\"icon\" target=\"_blank\" title=\"F\u00f8lg p\u00e5 LinkedIn\" rel=\"noopener\"><span class=\"et_pb_social_media_follow_network_name\">F\u00f8lg<\/span><\/a><\/li>\n<\/ul>\n<\/div><div class=\"et_pb_group_5 et_pb_group et_pb_module et_flex_group et_pb_css_mix_blend_mode_passthrough\" data-loop-item=\"2\">\n<div class=\"et_pb_blurb_2 et_pb_blurb et_pb_bg_layout_light et_pb_text_align_center et_pb_blurb_position_top et_pb_module et_flex_module preset--module--divi-blurb--aclco16mbr\"><div class=\"et_pb_blurb_content et_flex_module\"><div class=\"et_pb_main_blurb_image\"><span class=\"et_pb_image_wrap et_pb_only_image_mode_wrap\"><img loading=\"lazy\" decoding=\"async\" src=\"https:\/\/messuille.flexpressive.eu\/wp-content\/uploads\/margareta-web-.jpg\" width=\"640\" height=\"800\" sizes=\"(min-width: 0px) and (max-width: 480px) 480px, (min-width: 481px) 640px, 100vw\" class=\"et-waypoint et_pb_animation_top et_pb_animation_top_tablet et_pb_animation_top_phone wp-image-137\" title=\"taattola2-2\" \/><\/span><\/div><div class=\"et_pb_blurb_container\"><h4 class=\"et_pb_module_header\">Margareta M\u00e4kel\u00e4<\/h4><div class=\"et_pb_blurb_description\"><p>+358 45 195 3061<\/p>\n<\/div><\/div><\/div><\/div>\n\n<div class=\"et_pb_group_6 et_pb_group et_pb_module et_flex_group et_pb_css_mix_blend_mode_passthrough\">\n<div class=\"et_pb_code_10 et_pb_code et_pb_module\"><div class=\"et_pb_code_inner\"><span class=\"fi fi-fi\"><\/span><\/div><\/div>\n\n<div class=\"et_pb_code_11 et_pb_code et_pb_module\"><div class=\"et_pb_code_inner\"><span class=\"fi fi-se\"><\/span><\/div><\/div>\n\n<div class=\"et_pb_code_12 et_pb_code et_pb_module\"><div class=\"et_pb_code_inner\"><span class=\"fi fi-gb\"><\/span><\/div><\/div>\n\n<div class=\"et_pb_code_13 et_pb_code et_pb_module\"><\/div>\n\n<div class=\"et_pb_code_14 et_pb_code et_pb_module\"><\/div>\n<\/div>\n\n<ul class=\"et_pb_social_media_follow_2 et_pb_social_media_follow et_pb_bg_layout_light et_pb_module et_flex_module preset--group--divi-social-media-follow--divi-button--default\">\n<li class=\"et_pb_social_media_follow_network_2 et_pb_social_media_follow_network et_pb_social_icon et_pb_social_network_link et-social-linkedin et_pb_module et_flex_module preset--group--divi-social-media-follow-network--divi-button--default\"><a href=\"https:\/\/www.linkedin.com\/in\/margareta-m%C3%A4kel%C3%A4-219100225\/\" class=\"icon\" target=\"_blank\" title=\"F\u00f8lg p\u00e5 LinkedIn\" rel=\"noopener\"><span class=\"et_pb_social_media_follow_network_name\">F\u00f8lg<\/span><\/a><\/li>\n<\/ul>\n<\/div><div class=\"et_pb_group_7 et_pb_group et_pb_module et_flex_group et_pb_css_mix_blend_mode_passthrough\" data-loop-item=\"3\">\n<div class=\"et_pb_blurb_3 et_pb_blurb et_pb_bg_layout_light et_pb_text_align_center et_pb_blurb_position_top et_pb_module et_flex_module preset--module--divi-blurb--aclco16mbr\"><div class=\"et_pb_blurb_content et_flex_module\"><div class=\"et_pb_main_blurb_image\"><span class=\"et_pb_image_wrap et_pb_only_image_mode_wrap\"><img loading=\"lazy\" decoding=\"async\" src=\"https:\/\/messuille.flexpressive.eu\/wp-content\/uploads\/vilma-alkuperainen-aapo-karhu-high-res-.png\" width=\"640\" height=\"800\" sizes=\"(min-width: 0px) and (max-width: 480px) 480px, (min-width: 481px) 640px, 100vw\" class=\"et-waypoint et_pb_animation_top et_pb_animation_top_tablet et_pb_animation_top_phone wp-image-137\" title=\"taattola2-2\" \/><\/span><\/div><div class=\"et_pb_blurb_container\"><h4 class=\"et_pb_module_header\">Vilma Toivonen<\/h4><div class=\"et_pb_blurb_description\"><p>\u202a+358 45 126 9640\u202c<\/p>\n<\/div><\/div><\/div><\/div>\n\n<div class=\"et_pb_group_8 et_pb_group et_pb_module et_flex_group et_pb_css_mix_blend_mode_passthrough\">\n<div class=\"et_pb_code_15 et_pb_code et_pb_module\"><div class=\"et_pb_code_inner\"><span class=\"fi fi-fi\"><\/span><\/div><\/div>\n\n<div class=\"et_pb_code_16 et_pb_code et_pb_module\"><\/div>\n\n<div class=\"et_pb_code_17 et_pb_code et_pb_module\"><div class=\"et_pb_code_inner\"><span class=\"fi fi-gb\"><\/span><\/div><\/div>\n\n<div class=\"et_pb_code_18 et_pb_code et_pb_module\"><\/div>\n\n<div class=\"et_pb_code_19 et_pb_code et_pb_module\"><\/div>\n<\/div>\n\n<ul class=\"et_pb_social_media_follow_3 et_pb_social_media_follow et_pb_bg_layout_light et_pb_module et_flex_module preset--group--divi-social-media-follow--divi-button--default\">\n<li class=\"et_pb_social_media_follow_network_3 et_pb_social_media_follow_network et_pb_social_icon et_pb_social_network_link et-social-linkedin et_pb_module et_flex_module preset--group--divi-social-media-follow-network--divi-button--default\"><a href=\"https:\/\/www.linkedin.com\/in\/vilma-t-y3370rb3yee73d\" class=\"icon\" target=\"_blank\" title=\"F\u00f8lg p\u00e5 LinkedIn\" rel=\"noopener\"><span class=\"et_pb_social_media_follow_network_name\">F\u00f8lg<\/span><\/a><\/li>\n<\/ul>\n<\/div><div class=\"et_pb_group_9 et_pb_group et_pb_module et_flex_group et_pb_css_mix_blend_mode_passthrough\" data-loop-item=\"4\">\n<div class=\"et_pb_blurb_4 et_pb_blurb et_pb_bg_layout_light et_pb_text_align_center et_pb_blurb_position_top et_pb_module et_flex_module preset--module--divi-blurb--aclco16mbr\"><div class=\"et_pb_blurb_content et_flex_module\"><div class=\"et_pb_main_blurb_image\"><span class=\"et_pb_image_wrap et_pb_only_image_mode_wrap\"><img loading=\"lazy\" decoding=\"async\" src=\"https:\/\/messuille.flexpressive.eu\/wp-content\/uploads\/elias-taxgaard-valokuvaaja-aapo-karhu-web-.png\" width=\"640\" height=\"800\" sizes=\"(min-width: 0px) and (max-width: 480px) 480px, (min-width: 481px) 640px, 100vw\" class=\"et-waypoint et_pb_animation_top et_pb_animation_top_tablet et_pb_animation_top_phone wp-image-137\" title=\"taattola2-2\" \/><\/span><\/div><div class=\"et_pb_blurb_container\"><h4 class=\"et_pb_module_header\">Elias Taxgaard<\/h4><div class=\"et_pb_blurb_description\"><p>+358 45 842 11 99<\/p>\n<\/div><\/div><\/div><\/div>\n\n<div class=\"et_pb_group_10 et_pb_group et_pb_module et_flex_group et_pb_css_mix_blend_mode_passthrough\">\n<div class=\"et_pb_code_20 et_pb_code et_pb_module\"><\/div>\n\n<div class=\"et_pb_code_21 et_pb_code et_pb_module\"><\/div>\n\n<div class=\"et_pb_code_22 et_pb_code et_pb_module\"><div class=\"et_pb_code_inner\"><span class=\"fi fi-gb\"><\/span><\/div><\/div>\n\n<div class=\"et_pb_code_23 et_pb_code et_pb_module\"><div class=\"et_pb_code_inner\"><span class=\"fi fi-dk\"><\/span><\/div><\/div>\n\n<div class=\"et_pb_code_24 et_pb_code et_pb_module\"><\/div>\n<\/div>\n\n<ul class=\"et_pb_social_media_follow_4 et_pb_social_media_follow et_pb_bg_layout_light et_pb_module et_flex_module preset--group--divi-social-media-follow--divi-button--default\">\n<li class=\"et_pb_social_media_follow_network_4 et_pb_social_media_follow_network et_pb_social_icon et_pb_social_network_link et-social-linkedin et_pb_module et_flex_module preset--group--divi-social-media-follow-network--divi-button--default\"><a href=\"https:\/\/www.linkedin.com\/in\/elias-a-m-c-taxgaard-206594177\/\" class=\"icon\" target=\"_blank\" title=\"F\u00f8lg p\u00e5 LinkedIn\" rel=\"noopener\"><span class=\"et_pb_social_media_follow_network_name\">F\u00f8lg<\/span><\/a><\/li>\n<\/ul>\n<\/div><div class=\"et_pb_group_11 et_pb_group et_pb_module et_flex_group et_pb_css_mix_blend_mode_passthrough\" data-loop-item=\"5\">\n<div class=\"et_pb_blurb_5 et_pb_blurb et_pb_bg_layout_light et_pb_text_align_center et_pb_blurb_position_top et_pb_module et_flex_module preset--module--divi-blurb--aclco16mbr\"><div class=\"et_pb_blurb_content et_flex_module\"><div class=\"et_pb_main_blurb_image\"><span class=\"et_pb_image_wrap et_pb_only_image_mode_wrap\"><img loading=\"lazy\" decoding=\"async\" src=\"https:\/\/messuille.flexpressive.eu\/wp-content\/uploads\/elias-taxgaard-valokuvaaja-aapo-karhu-web-.png\" width=\"640\" height=\"800\" sizes=\"(min-width: 0px) and (max-width: 480px) 480px, (min-width: 481px) 640px, 100vw\" class=\"et-waypoint et_pb_animation_top et_pb_animation_top_tablet et_pb_animation_top_phone wp-image-137\" title=\"taattola2-2\" \/><\/span><\/div><div class=\"et_pb_blurb_container\"><h4 class=\"et_pb_module_header\">Mia Gr\u00f6nfors<\/h4><div class=\"et_pb_blurb_description\"><p>+358 50 413 48 75<\/p>\n<\/div><\/div><\/div><\/div>\n\n<div class=\"et_pb_group_12 et_pb_group et_pb_module et_flex_group et_pb_css_mix_blend_mode_passthrough\">\n<div class=\"et_pb_code_25 et_pb_code et_pb_module\"><div class=\"et_pb_code_inner\"><span class=\"fi fi-fi\"><\/span><\/div><\/div>\n\n<div class=\"et_pb_code_26 et_pb_code et_pb_module\"><div class=\"et_pb_code_inner\"><span class=\"fi fi-se\"><\/span><\/div><\/div>\n\n<div class=\"et_pb_code_27 et_pb_code et_pb_module\"><\/div>\n\n<div class=\"et_pb_code_28 et_pb_code et_pb_module\"><\/div>\n\n<div class=\"et_pb_code_29 et_pb_code et_pb_module\"><\/div>\n<\/div>\n\n<ul class=\"et_pb_social_media_follow_5 et_pb_social_media_follow et_pb_bg_layout_light et_pb_module et_flex_module preset--group--divi-social-media-follow--divi-button--default\">\n<li class=\"et_pb_social_media_follow_network_5 et_pb_social_media_follow_network et_pb_social_icon et_pb_social_network_link et-social-linkedin et_pb_module et_flex_module preset--group--divi-social-media-follow-network--divi-button--default\"><a href=\"https:\/\/www.linkedin.com\/in\/mia-gr%C3%B6nfors-129532176\/\" class=\"icon\" target=\"_blank\" title=\"F\u00f8lg p\u00e5 LinkedIn\" rel=\"noopener\"><span class=\"et_pb_social_media_follow_network_name\">F\u00f8lg<\/span><\/a><\/li>\n<\/ul>\n<\/div><div class=\"et_pb_group_13 et_pb_group et-last-child et_pb_module et_flex_group et_pb_css_mix_blend_mode_passthrough\" data-loop-item=\"6\">\n<div class=\"et_pb_blurb_6 et_pb_blurb et_pb_bg_layout_light et_pb_text_align_center et_pb_blurb_position_top et_pb_module et_flex_module preset--module--divi-blurb--aclco16mbr\"><div class=\"et_pb_blurb_content et_flex_module\"><div class=\"et_pb_main_blurb_image\"><span class=\"et_pb_image_wrap et_pb_only_image_mode_wrap\"><img loading=\"lazy\" decoding=\"async\" src=\"https:\/\/messuille.flexpressive.eu\/wp-content\/uploads\/elias-taxgaard-valokuvaaja-aapo-karhu-web-.png\" width=\"640\" height=\"800\" sizes=\"(min-width: 0px) and (max-width: 480px) 480px, (min-width: 481px) 640px, 100vw\" class=\"et-waypoint et_pb_animation_top et_pb_animation_top_tablet et_pb_animation_top_phone wp-image-137\" title=\"taattola2-2\" \/><\/span><\/div><div class=\"et_pb_blurb_container\"><h4 class=\"et_pb_module_header\">Anni Huutoniemi<\/h4><div class=\"et_pb_blurb_description\"><p>+358 50 478 35 09<\/p>\n<\/div><\/div><\/div><\/div>\n\n<div class=\"et_pb_group_14 et_pb_group et_pb_module et_flex_group et_pb_css_mix_blend_mode_passthrough\">\n<div class=\"et_pb_code_30 et_pb_code et_pb_module\"><div class=\"et_pb_code_inner\"><span class=\"fi fi-fi\"><\/span><\/div><\/div>\n\n<div class=\"et_pb_code_31 et_pb_code et_pb_module\"><\/div>\n\n<div class=\"et_pb_code_32 et_pb_code et_pb_module\"><div class=\"et_pb_code_inner\"><span class=\"fi fi-gb\"><\/span><\/div><\/div>\n\n<div class=\"et_pb_code_33 et_pb_code et_pb_module\"><\/div>\n\n<div class=\"et_pb_code_34 et_pb_code et_pb_module\"><\/div>\n<\/div>\n\n<ul class=\"et_pb_social_media_follow_6 et_pb_social_media_follow et_pb_bg_layout_light et_pb_module et_flex_module preset--group--divi-social-media-follow--divi-button--default\">\n<li class=\"et_pb_social_media_follow_network_6 et_pb_social_media_follow_network et_pb_social_icon et_pb_social_network_link et-social-linkedin et_pb_module et_flex_module preset--group--divi-social-media-follow-network--divi-button--default\"><a href=\"https:\/\/www.linkedin.com\/in\/anni-huutoniemi-0o0o\/\" class=\"icon\" target=\"_blank\" title=\"F\u00f8lg p\u00e5 LinkedIn\" rel=\"noopener\"><span class=\"et_pb_social_media_follow_network_name\">F\u00f8lg<\/span><\/a><\/li>\n<\/ul>\n<\/div><\/div>\n\n<div class=\"et_pb_row_2 et_pb_row et_pb_row_nested et_flex_row\">\n<div class=\"et_pb_column_2 et_pb_column et-last-child et_flex_column et_pb_css_mix_blend_mode_passthrough et_flex_column_24_24 et_flex_column_24_24_tablet et_flex_column_24_24_phone\">\n<div class=\"et_pb_text_3 et_pb_text et_pb_bg_layout_light et_pb_module et_block_module preset--module--divi-text--default\"><div class=\"et_pb_text_inner\"><h2>Lad os sammen designe din kommende messestand som b\u00e5de du og dine kunder vil huske.<\/h2>\n<p>Hos Messuille Oy str\u00e6ber vi efter h\u00f8j kundetilfredshed og resultat af h\u00f8j kvalitet; Arbejdet udf\u00f8res med professionalisme og entusiasme. Vi bruger de bedste underleverand\u00f8rer, og med mere end 10 \u00e5rs erfaring indenfor messeafvikling giver vi dig en velorganiseret og vellykket messedeltagelse!<\/p>\n<p>Messeuille Oy repr\u00e6senterer Messe Berlin GmbH som er blandt de 10 st\u00f8rste eventarrang\u00f8rer i verden. Vi kan hj\u00e6lpe dig med din stand i hele verdenen og skr\u00e6ddersyer den efter dine \u00f8nsker.<\/p>\n<p><a href=\"\/wp-content\/uploads\/Messuille-Oy-tietosuojaseloste_0.2_060920.pdf\" target=\"_blank\" rel=\"noopener\">PRIVATLIVSPOLITIK<\/a><\/p>\n<\/div><\/div>\n<\/div>\n<\/div>\n<\/div>\n<\/div>\n<\/div>","protected":false},"excerpt":{"rendered":"","protected":false},"author":1,"featured_media":0,"parent":0,"menu_order":0,"comment_status":"closed","ping_status":"closed","template":"","meta":{"_acf_changed":false,"footnotes":""},"class_list":["post-686","page","type-page","status-publish","hentry"],"acf":[],"_links":{"self":[{"href":"https:\/\/messuille.flexpressive.eu\/da\/wp-json\/wp\/v2\/pages\/686","targetHints":{"allow":["GET"]}}],"collection":[{"href":"https:\/\/messuille.flexpressive.eu\/da\/wp-json\/wp\/v2\/pages"}],"about":[{"href":"https:\/\/messuille.flexpressive.eu\/da\/wp-json\/wp\/v2\/types\/page"}],"author":[{"embeddable":true,"href":"https:\/\/messuille.flexpressive.eu\/da\/wp-json\/wp\/v2\/users\/1"}],"replies":[{"embeddable":true,"href":"https:\/\/messuille.flexpressive.eu\/da\/wp-json\/wp\/v2\/comments?post=686"}],"version-history":[{"count":3,"href":"https:\/\/messuille.flexpressive.eu\/da\/wp-json\/wp\/v2\/pages\/686\/revisions"}],"predecessor-version":[{"id":775,"href":"https:\/\/messuille.flexpressive.eu\/da\/wp-json\/wp\/v2\/pages\/686\/revisions\/775"}],"wp:attachment":[{"href":"https:\/\/messuille.flexpressive.eu\/da\/wp-json\/wp\/v2\/media?parent=686"}],"curies":[{"name":"wp","href":"https:\/\/api.w.org\/{rel}","templated":true}]}}