{"id":682,"date":"2026-02-27T12:42:14","date_gmt":"2026-02-27T12:42:14","guid":{"rendered":"https:\/\/messuille.flexpressive.eu\/hjem\/"},"modified":"2026-03-04T12:57:52","modified_gmt":"2026-03-04T12:57:52","slug":"hjem","status":"publish","type":"page","link":"https:\/\/messuille.flexpressive.eu\/da\/","title":{"rendered":"Hjem"},"content":{"rendered":"<div class=\"et_pb_section_0 et_pb_section et_section_regular et_flex_section preset--module--divi-section--gid451zkip\">\n<div class=\"et_pb_row_0 et_pb_row et_flex_row preset--module--divi-row--gaq9lqeedo\">\n<div class=\"et_pb_column_0 et_pb_column et-last-child et_flex_column et_pb_css_mix_blend_mode_passthrough et_flex_column_24_24 et_flex_column_24_24_tablet et_flex_column_24_24_phone\">\n<div class=\"et_pb_text_0 et_pb_text et_pb_bg_layout_light et_pb_module et_block_module preset--module--divi-text--default\"><div class=\"et_pb_text_inner\"><h2 style=\"text-align: center;\">Professionelle messe udf\u00f8relser i Tyskland og resten af verdenen<\/h2>\n<p>Messuille Oy hj\u00e6lper dig med at organisere din messestand efter dine \u00f8nsker i Berlin og resten af verdenen. Vi er officielle repr\u00e6sentanter i Finland og Danmark for Messe Berlin GmbH, en af verdenens 10 st\u00f8rste messe arrang\u00f8rer. Du modtager igennem os stand konstruktion og projekt ledelse p\u00e5 messer indenfor en bred vifte af industrier i Tyskland, der giver dig adgang til internationale markeder. Vi designer og bygger messestande der inspirerer og skaber unikke rammer for kunde interaktioner. Vores l\u00f8sninger f\u00e5r din virksomhed til at skille sig ud fra m\u00e6ngden. Med et omfattende netv\u00e6rk af professionelle og mere end 10 \u00e5rs erfaring i messeafholdelser sikre vi en messe oplevelse der skr\u00e6ddersyes for at m\u00f8de dine m\u00e5l!      <\/p>\n<\/div><\/div>\n<\/div>\n<\/div>\n<\/div>\n\n<div class=\"et_pb_section_1 et_pb_section et_section_regular et_flex_section preset--module--divi-section--gid451zkip\">\n<div class=\"et_pb_row_1 et_pb_row et_flex_row preset--module--divi-row--gaq9lqeedo\">\n<div class=\"et_pb_column_1 et_pb_column et-last-child et_flex_column et_pb_css_mix_blend_mode_passthrough et_flex_column_24_24 et_flex_column_24_24_tablet et_flex_column_24_24_phone\">\n<div class=\"et_pb_cta_0 et_pb_promo et_pb_bg_layout_dark et_pb_module et_flex_module preset--group--divi-cta--divi-button--default\"><div class=\"et_pb_promo_description\"><h2 class=\"et_pb_module_header\">Vi er den officielle repr\u00e6sentant for Messe Berlin GmbH i Finland.<\/h2><div class=\"et_pb_promo_content\"><p>Med mange \u00e5rs erfaring p\u00e5 messeomr\u00e5der er vi fremragende forberedte til succesfuld messedeltagelse!<\/p>\n<\/div><\/div><div class=\"et_pb_button_wrapper\"><a class=\"et_pb_button et_pb_promo_button\" href=\"http:\/\/messe\">L\u00e6s mere<\/a><\/div><\/div>\n<\/div>\n<\/div>\n<\/div>\n\n<div class=\"et_pb_section_2 et_pb_section et_section_regular et_flex_section preset--module--divi-section--gid451zkip\">\n<div class=\"et_pb_row_2 et_pb_row et_flex_row preset--module--divi-row--gaq9lqeedo\">\n<div class=\"et_pb_column_2 et_pb_column et-last-child et_flex_column et_pb_css_mix_blend_mode_passthrough et_flex_column_24_24 et_flex_column_24_24_tablet et_flex_column_24_24_phone\">\n<div class=\"et_pb_text_1 et_pb_text et_pb_bg_layout_light et_pb_module et_block_module preset--module--divi-text--default\"><div class=\"et_pb_text_inner\"><h2 style=\"text-align: center;\">Handelsmesser<\/h2>\n<p>Find ud af mere om messer i Europa og Asien, hvor vi hj\u00e6lper virksomheder med at netv\u00e6rke og udvikle deres forretning. Vi deltager i arrangementer p\u00e5 tv\u00e6rs af sektorer for at hj\u00e6lpe vores kunder med at m\u00f8de de rigtige partnere og skabe nye forbindelser. Find ud af mere om de messer, vi deltager i!  <\/p>\n<\/div><\/div>\n\n<div class=\"et_pb_group_0 et_pb_group et_pb_module et_grid_group et_pb_css_mix_blend_mode_passthrough\">\n<div class=\"et_pb_group_1 et_pb_group et_pb_module et_flex_group et_pb_css_mix_blend_mode_passthrough\">\n<div class=\"et_pb_image_0 et_pb_image et_pb_module et_flex_module\"><span class=\"et_pb_image_wrap\"><img loading=\"lazy\" decoding=\"async\" src=\"https:\/\/messuille.flexpressive.eu\/wp-content\/uploads\/GruneWoche_Green.svg\" title=\"Gr\u00fcneWoche_Green\" width=\"283\" height=\"89\" class=\"wp-image-534\" \/><\/span><\/div>\n<\/div>\n\n<div class=\"et_pb_group_2 et_pb_group et_pb_module et_flex_group et_pb_css_mix_blend_mode_passthrough\">\n<div class=\"et_pb_image_1 et_pb_image et_pb_module et_flex_module\"><span class=\"et_pb_image_wrap\"><img loading=\"lazy\" decoding=\"async\" src=\"https:\/\/messuille.flexpressive.eu\/wp-content\/uploads\/ILA_2022_Logo_sRGB_web_positiv_blau.png\" title=\"ILA_2022_Logo_sRGB_web_positiv_blau\" width=\"480\" height=\"288\" srcset=\"https:\/\/messuille.flexpressive.eu\/wp-content\/uploads\/ILA_2022_Logo_sRGB_web_positiv_blau.png 480w, https:\/\/messuille.flexpressive.eu\/wp-content\/uploads\/ILA_2022_Logo_sRGB_web_positiv_blau-300x180.png 300w\" sizes=\"(max-width: 480px) 100vw, 480px\" class=\"wp-image-232\" \/><\/span><\/div>\n<\/div>\n\n<div class=\"et_pb_group_3 et_pb_group et_pb_module et_flex_group et_pb_css_mix_blend_mode_passthrough\">\n<div class=\"et_pb_image_2 et_pb_image et_pb_module et_flex_module\"><span class=\"et_pb_image_wrap\"><img loading=\"lazy\" decoding=\"async\" src=\"https:\/\/messuille.flexpressive.eu\/wp-content\/uploads\/innotrans_logo.svg\" title=\"innotrans_logo\" width=\"915\" height=\"915\" sizes=\"(min-width: 0px) and (max-width: 480px) 480px, (min-width: 481px) 915px, 100vw\" class=\"wp-image-233\" \/><\/span><\/div>\n<\/div>\n\n<div class=\"et_pb_group_4 et_pb_group et_pb_module et_flex_group et_pb_css_mix_blend_mode_passthrough\">\n<div class=\"et_pb_image_3 et_pb_image et_pb_module et_flex_module\"><span class=\"et_pb_image_wrap\"><img loading=\"lazy\" decoding=\"async\" src=\"https:\/\/messuille.flexpressive.eu\/wp-content\/uploads\/FIBE_Logo_unten_Black_sRGB_1c.png\" title=\"FIBE_Logo_unten_Black_sRGB_1c\" width=\"1182\" height=\"491\" srcset=\"https:\/\/messuille.flexpressive.eu\/wp-content\/uploads\/FIBE_Logo_unten_Black_sRGB_1c.png 1182w, https:\/\/messuille.flexpressive.eu\/wp-content\/uploads\/FIBE_Logo_unten_Black_sRGB_1c-980x407.png 980w, https:\/\/messuille.flexpressive.eu\/wp-content\/uploads\/FIBE_Logo_unten_Black_sRGB_1c-480x199.png 480w\" sizes=\"(min-width: 0px) and (max-width: 480px) 480px, (min-width: 481px) and (max-width: 980px) 980px, (min-width: 981px) 1182px, 100vw\" class=\"wp-image-234\" \/><\/span><\/div>\n<\/div>\n\n<div class=\"et_pb_group_5 et_pb_group et_pb_module et_flex_group et_pb_css_mix_blend_mode_passthrough\">\n<div class=\"et_pb_image_4 et_pb_image et_pb_module et_flex_module\"><span class=\"et_pb_image_wrap\"><img loading=\"lazy\" decoding=\"async\" src=\"https:\/\/messuille.flexpressive.eu\/wp-content\/uploads\/DMEA_Logo.svg\" title=\"DMEA_Logo\" width=\"691\" height=\"191\" sizes=\"(min-width: 0px) and (max-width: 480px) 480px, (min-width: 481px) 691px, 100vw\" class=\"wp-image-235\" \/><\/span><\/div>\n<\/div>\n\n<div class=\"et_pb_group_6 et_pb_group et-last-child et_pb_module et_flex_group et_pb_css_mix_blend_mode_passthrough\">\n<div class=\"et_pb_image_5 et_pb_image et_pb_module et_flex_module\"><span class=\"et_pb_image_wrap\"><img loading=\"lazy\" decoding=\"async\" src=\"https:\/\/messuille.flexpressive.eu\/wp-content\/uploads\/ITB_Berlin_Logo.svg\" title=\"ITB_Berlin_Logo\" width=\"270\" height=\"119\" class=\"wp-image-236\" \/><\/span><\/div>\n<\/div>\n<\/div>\n\n<div class=\"et_pb_text_2 et_pb_text et_pb_bg_layout_light et_pb_module et_block_module preset--module--divi-text--default\"><div class=\"et_pb_text_inner\"><h2>Vores ydelser<\/h2>\n<p>Tag et kig p\u00e5 vores ydelser og lad os finde den bedste l\u00f8sning for dig. Vi tilbyder en r\u00e6kke h\u00f8j-kvalitets ydelser for, at hj\u00e6lpe dig med at n\u00e5 dine m\u00e5l. <\/p>\n<\/div><\/div>\n\n<div class=\"et_pb_accordion_0 et_pb_accordion et_pb_module et_flex_module\">\n<div class=\"et_pb_accordion_item_0 et_pb_accordion_item et_pb_toggle et_pb_module et_pb_toggle_open et_flex_module\"><h5 class=\"et_pb_toggle_title\"> Grafisk design<\/h5><div class=\"et_pb_toggle_content et_flex_module\"><p>Vi tager os af afdelingens grafiske design og 3D-modeller.<\/p>\n<\/div><\/div>\n\n<div class=\"et_pb_accordion_item_1 et_pb_accordion_item et_pb_toggle et_pb_module et_pb_toggle_close et_flex_module\"><h5 class=\"et_pb_toggle_title\">Messe billetter<\/h5><div class=\"et_pb_toggle_content et_flex_module\"><p>Sp\u00f8rg os om en rabatkode til Messe Berlin GmbH\u2019s billetshop.<\/p>\n<\/div><\/div>\n\n<div class=\"et_pb_accordion_item_2 et_pb_accordion_item et_pb_toggle et_pb_module et_pb_toggle_close et_flex_module\"><h5 class=\"et_pb_toggle_title\"> Stand design og konstruktion<\/h5><div class=\"et_pb_toggle_content et_flex_module\"><p>Vi designer og implementerer attraktive messestande til din virksomhed.<\/p>\n<\/div><\/div>\n<\/div>\n\n<div class=\"et_pb_row_3 et_pb_row et_pb_row_nested et_flex_row\">\n<div class=\"et_pb_column_3 et_pb_column et_flex_column et_pb_css_mix_blend_mode_passthrough et_flex_column_12_24 et_flex_column_12_24_tablet et_flex_column_24_24_phone\">\n<div class=\"et_pb_text_3 et_pb_text et_pb_bg_layout_light et_pb_module et_block_module preset--module--divi-text--default\"><div class=\"et_pb_text_inner\"><h3>Kontakt os<\/h3>\n<p>Vi kan hj\u00e6lpe dig med alle dine sp\u00f8rgsm\u00e5l om messen. For generelle foresp\u00f8rgsler og bes\u00f8gsbilletter kontakt venligst <a href=\"mailto:info@messuille.fi\">info@messuille.fi<\/a> <\/p>\n<p><strong>Messuille Oy<\/strong><br \/>\n+358 50 3570112<br \/>\n<a href=\"mailto:info@messuille.fi\">info@messuille.fi<\/a><br \/>\nBoffice, Erottajankatu 15 \u2013 17, 4th floor<br \/>\n00130 Helsinki<\/p>\n<\/div><\/div>\n<\/div>\n\n<div class=\"et_pb_column_4 et_pb_column et-last-child et_flex_column et_pb_css_mix_blend_mode_passthrough et_flex_column_12_24 et_flex_column_12_24_tablet et_flex_column_24_24_phone\">\n<div class=\"et_pb_map_0 et_pb_map_container et_pb_module et_flex_module\" data-grayscale=\"\"><div class=\"et_pb_map\" data-center-lat=\"0\" data-center-lng=\"0\" data-zoom=\"18\" data-mouse-wheel=\"on\" data-mobile-dragging=\"on\"><\/div>\n<div class=\"et_pb_map_pin_0 et_pb_map_pin\" data-lat=\"0\" data-lng=\"0\" data-title=\"\"><\/div>\n<\/div>\n<\/div>\n<\/div>\n<\/div>\n<\/div>\n<\/div>","protected":false},"excerpt":{"rendered":"","protected":false},"author":1,"featured_media":0,"parent":0,"menu_order":0,"comment_status":"closed","ping_status":"closed","template":"","meta":{"_acf_changed":false,"footnotes":""},"class_list":["post-682","page","type-page","status-publish","hentry"],"acf":[],"_links":{"self":[{"href":"https:\/\/messuille.flexpressive.eu\/da\/wp-json\/wp\/v2\/pages\/682","targetHints":{"allow":["GET"]}}],"collection":[{"href":"https:\/\/messuille.flexpressive.eu\/da\/wp-json\/wp\/v2\/pages"}],"about":[{"href":"https:\/\/messuille.flexpressive.eu\/da\/wp-json\/wp\/v2\/types\/page"}],"author":[{"embeddable":true,"href":"https:\/\/messuille.flexpressive.eu\/da\/wp-json\/wp\/v2\/users\/1"}],"replies":[{"embeddable":true,"href":"https:\/\/messuille.flexpressive.eu\/da\/wp-json\/wp\/v2\/comments?post=682"}],"version-history":[{"count":2,"href":"https:\/\/messuille.flexpressive.eu\/da\/wp-json\/wp\/v2\/pages\/682\/revisions"}],"predecessor-version":[{"id":768,"href":"https:\/\/messuille.flexpressive.eu\/da\/wp-json\/wp\/v2\/pages\/682\/revisions\/768"}],"wp:attachment":[{"href":"https:\/\/messuille.flexpressive.eu\/da\/wp-json\/wp\/v2\/media?parent=682"}],"curies":[{"name":"wp","href":"https:\/\/api.w.org\/{rel}","templated":true}]}}